{"id":11956,"date":"2017-02-28T17:11:02","date_gmt":"2017-02-28T16:11:02","guid":{"rendered":"http:\/\/nau2.com\/?page_id=11956\/"},"modified":"2017-02-28T17:14:45","modified_gmt":"2017-02-28T16:14:45","slug":"integrated-digital-tools-ii_fs-16","status":"publish","type":"page","link":"http:\/\/nau2.com\/de\/integrated-digital-tools-ii_fs-16\/","title":{"rendered":"Integrated Digital Tools II_FS 16"},"content":{"rendered":"<p>[vc_row css=&#8221;.vc_custom_1461925530471{margin-top: 0px !important;padding-top: 0px !important;}&#8221;][vc_column width=&#8221;2\/3&#8243;][vc_single_image image=&#8221;11878&#8243; img_size=&#8221;full&#8221; css=&#8221;.vc_custom_1488279996169{margin-top: 0px !important;margin-bottom: 5px !important;}&#8221;][vc_single_image image=&#8221;11931&#8243; img_size=&#8221;full&#8221; css=&#8221;.vc_custom_1488280019337{margin-top: 0px !important;margin-bottom: 5px !important;}&#8221;][vc_single_image image=&#8221;11933&#8243; img_size=&#8221;full&#8221; css=&#8221;.vc_custom_1488280039689{margin-bottom: 5px !important;}&#8221;][vc_single_image image=&#8221;11884&#8243; img_size=&#8221;full&#8221; css=&#8221;.vc_custom_1488280059924{margin-top: 0px !important;margin-bottom: 5px !important;}&#8221;][vc_single_image image=&#8221;11896&#8243; img_size=&#8221;full&#8221; css=&#8221;.vc_custom_1488280098341{margin-top: 0px !important;margin-bottom: 5px !important;}&#8221;][vc_single_image image=&#8221;11888&#8243; img_size=&#8221;full&#8221; css=&#8221;.vc_custom_1488280208484{margin-top: 0px !important;margin-bottom: 5px !important;}&#8221;][vc_single_image image=&#8221;11935&#8243; img_size=&#8221;full&#8221; css=&#8221;.vc_custom_1488281006015{margin-top: 0px !important;margin-bottom: 5px !important;}&#8221;][vc_single_image image=&#8221;11937&#8243; img_size=&#8221;full&#8221; css=&#8221;.vc_custom_1488281025418{margin-top: 0px !important;margin-bottom: 5px !important;}&#8221;][vc_single_image image=&#8221;11894&#8243; img_size=&#8221;full&#8221; css=&#8221;.vc_custom_1488288136873{margin-top: 0px !important;margin-bottom: 5px !important;}&#8221;][vc_single_image image=&#8221;11898&#8243; img_size=&#8221;full&#8221; css=&#8221;.vc_custom_1488288146514{margin-top: 0px !important;margin-bottom: 5px !important;}&#8221;][vc_column_text css=&#8221;.vc_custom_1488290995548{margin-top: 0px !important;margin-bottom: 5px !important;padding-right: 10px !important;}&#8221;]<iframe src=\"https:\/\/player.vimeo.com\/video\/206056404?color=ffffff&amp;title=0&amp;byline=0&amp;portrait=0\" width=\"768\" height=\"576\" frameborder=\"0\" allowfullscreen=\"allowfullscreen\"><\/iframe>[\/vc_column_text][\/vc_column][vc_column width=&#8221;1\/3&#8243;][vc_column_text css=&#8221;.vc_custom_1488298471294{padding-top: 35px !important;padding-right: 25px !important;padding-bottom: 30px !important;padding-left: 25px !important;background-color: #ffffff !important;}&#8221;]<\/p>\n<h3><span style=\"font-family: flama-light; font-size: 19pt;\">Integrated Digital Tools II_SS 16<\/span><\/h3>\n<p><strong><span style=\"font-family: flama-light; font-size: 12pt;\">FS 16 \u2013 \u2018Licht &amp; Schatten\u2019 \u2013 Ein Prototyp f\u00fcr einen tempor\u00e4ren Pavillion<\/span><\/strong><\/p>\n<p><span style=\"font-family: flama-light; font-size: 12pt;\"><strong>Dozent:<\/strong> Jean-Lucien Gay &amp; Silvan Oesterle<br \/>\n<strong>Universit\u00e4t:<\/strong> Accademia di Architettura di Mendrisio<br \/>\n<strong>Zeitraum:<\/strong> Fr\u00fchling Semester 2016<\/span><\/p>\n<p><span style=\"font-family: flama-light; font-size: 12pt;\">Die Masterklasse untersucht das architektonische Potential von fortgeschrittenen computergest\u00fctzten Techniken im Entwurfsprozess und verschafft gleichzeitig ein Einblick in verwandte Anwendungsbereiche, von der Architektur bis in der Kunst, der visueller Kommunikation und dem M\u00f6beldesign. Der Kurs ist auf einem iterativen Prozess zwischen analogem Experimentieren und computergest\u00fctzten Entwurf aufgebaut. Er ben\u00fctzt den Software Rhino mit Grasshopper \u2013 ein Plug-in f\u00fcr visuelle Programmierung.<\/span><\/p>\n<p><span style=\"font-family: flama-light; font-size: 12pt;\">Computergest\u00fctzte Techniken werden zuerst durch das physische Modellierungsprozess eingef\u00fchrt. Die Studenten erarbeiten eine Reihe von kurzen Entwurfs\u00fcbungen vom Modell zum Computer und umgekehrt. Aus diesen \u00dcbungen wird ihnen die Programmierungslogik nahgelegt, so dass sie schlie\u00dflich ihre eigenen computergest\u00fctzten Entwurfswerkzeuge entwickeln. Der Kurs integriert anschlie\u00dfend spezifisches Wissen \u00fcber digitale Fabrikation in der Entwurfsstrategie ein. Eine neue Konvergenz zwischen Computer und Materialit\u00e4t wird gef\u00f6rdert, die das Designprozess und die physische Umsetzung der Architektur n\u00e4her zusammenbringt.<\/span><\/p>\n<p><span style=\"font-family: flama-light; font-size: 12pt;\">Die Masterklasse beinhaltet eine theoretische Vorlesungsreihe, die Einblicke in der Avant-Garde von computergest\u00fctzter Architektur sowie innovativer Verwendung von Computertechnologien in zeitgen\u00f6ssische Designpraxis, von Raumplanung- zu digitale Fabrikationsprozessen verschafft.<\/span><\/p>\n<p><strong><span style=\"font-family: flama-light; font-size: 12pt;\">Studenten IDT II_FS 16:<\/span><\/strong><br \/>\n<span style=\"font-family: flama-light; font-size: 12pt;\">Carlon Giulio*<br \/>\nCasalini Tommaso*<br \/>\nGandini Giovanni Arjuna*<br \/>\nGarabelli Federica*<br \/>\nGuerriero Mike*<br \/>\nHenestrosa Philipp<br \/>\nMarzo Stefano*<br \/>\nMather Oscar*<br \/>\nMatthews Hannah Elizabeth*<br \/>\nMinussi Alessandro*<br \/>\nPanighetti Deborah<br \/>\nPrendeville Tomas*<br \/>\nTentori Pietro*<br \/>\nValsangiacomo*<\/span><\/p>\n<p><span style=\"font-family: flama-light; font-size: 12pt;\">*ausgew\u00e4hlte Studentenarbeiten<\/span><\/p>\n<p><span style=\"font-family: flama-light; font-size: 12pt;\">Fotos: \u00a9 Jean-Lucien Gay<\/span>[\/vc_column_text][\/vc_column][\/vc_row]<\/p>\n","protected":false},"excerpt":{"rendered":"<p>[vc_row css=&#8221;.vc_custom_1461925530471{margin-top: 0px !important;padding-top: 0px !important;}&#8221;][vc_column width=&#8221;2\/3&#8243;][vc_single_image image=&#8221;11878&#8243; img_size=&#8221;full&#8221; css=&#8221;.vc_custom_1488279996169{margin-top: 0px !important;margin-bottom: 5px !important;}&#8221;][vc_single_image image=&#8221;11931&#8243; img_size=&#8221;full&#8221; css=&#8221;.vc_custom_1488280019337{margin-top: 0px !important;margin-bottom: 5px !important;}&#8221;][vc_single_image image=&#8221;11933&#8243; img_size=&#8221;full&#8221; css=&#8221;.vc_custom_1488280039689{margin-bottom: 5px !important;}&#8221;][vc_single_image image=&#8221;11884&#8243; img_size=&#8221;full&#8221; css=&#8221;.vc_custom_1488280059924{margin-top: 0px !important;margin-bottom: 5px !important;}&#8221;][vc_single_image image=&#8221;11896&#8243; img_size=&#8221;full&#8221; css=&#8221;.vc_custom_1488280098341{margin-top: 0px !important;margin-bottom: 5px !important;}&#8221;][vc_single_image image=&#8221;11888&#8243; img_size=&#8221;full&#8221; css=&#8221;.vc_custom_1488280208484{margin-top: 0px !important;margin-bottom: 5px !important;}&#8221;][vc_single_image image=&#8221;11935&#8243; img_size=&#8221;full&#8221; css=&#8221;.vc_custom_1488281006015{margin-top: 0px !important;margin-bottom: 5px !important;}&#8221;][vc_single_image image=&#8221;11937&#8243; img_size=&#8221;full&#8221; css=&#8221;.vc_custom_1488281025418{margin-top: 0px !important;margin-bottom: 5px !important;}&#8221;][vc_single_image image=&#8221;11894&#8243; img_size=&#8221;full&#8221; css=&#8221;.vc_custom_1488288136873{margin-top: 0px !important;margin-bottom: 5px !important;}&#8221;][vc_single_image image=&#8221;11898&#8243; img_size=&#8221;full&#8221; css=&#8221;.vc_custom_1488288146514{margin-top: 0px !important;margin-bottom: 5px !important;}&#8221;][vc_column_text css=&#8221;.vc_custom_1488290995548{margin-top: 0px !important;margin-bottom: 5px !important;padding-right: 10px !important;}&#8221;][\/vc_column_text][\/vc_column][vc_column width=&#8221;1\/3&#8243;][vc_column_text css=&#8221;.vc_custom_1488298471294{padding-top: 35px !important;padding-right: 25px !important;padding-bottom: 30px !important;padding-left: 25px !important;background-color: #ffffff !important;}&#8221;] Integrated Digital Tools II_SS 16 FS 16 \u2013 \u2018Licht &amp; Schatten\u2019 \u2013 Ein Prototyp f\u00fcr einen &hellip; <a href=\"http:\/\/nau2.com\/de\/integrated-digital-tools-ii_fs-16\/\">Continued<\/a><\/p>\n","protected":false},"author":1,"featured_media":0,"parent":0,"menu_order":0,"comment_status":"closed","ping_status":"closed","template":"","meta":{"_links_to":"","_links_to_target":""},"yoast_head":"<!-- This site is optimized with the Yoast SEO plugin v15.1.1 - https:\/\/yoast.com\/wordpress\/plugins\/seo\/ -->\n<meta name=\"description\" content=\"Integrated Digital Tools II_SS 15 - Nau2 | TEACHING. SS 15 \u2013 (\u2018Light &amp; Shadows\u2019 - ) A Prototype for a transportable Pavilion. Lecturer: Jean-Lucien Gay &amp; Silvan Oesterle. School: Accademia di Architettura di Mendrisio. Date: Spring Semester 2015. The course explores the architectural potential of advanced computational techniques for design and gives an outlook on how they are being applied in related fields, from architecture to arts, visual communication or furniture design.\" \/>\n<meta name=\"robots\" content=\"index, follow, max-snippet:-1, max-image-preview:large, max-video-preview:-1\" \/>\n<link rel=\"canonical\" href=\"http:\/\/nau2.com\/de\/integrated-digital-tools-ii_fs-16\/\" \/>\n<meta property=\"og:locale\" content=\"de_DE\" \/>\n<meta property=\"og:type\" content=\"article\" \/>\n<meta property=\"og:title\" content=\"Integrated Digital Tools II_FS 16 - Nau2\" \/>\n<meta property=\"og:description\" content=\"Integrated Digital Tools II_SS 15 - Nau2 | TEACHING. SS 15 \u2013 (\u2018Light &amp; Shadows\u2019 - ) A Prototype for a transportable Pavilion. Lecturer: Jean-Lucien Gay &amp; Silvan Oesterle. School: Accademia di Architettura di Mendrisio. Date: Spring Semester 2015. The course explores the architectural potential of advanced computational techniques for design and gives an outlook on how they are being applied in related fields, from architecture to arts, visual communication or furniture design.\" \/>\n<meta property=\"og:url\" content=\"http:\/\/nau2.com\/de\/integrated-digital-tools-ii_fs-16\/\" \/>\n<meta property=\"og:site_name\" content=\"Nau2\" \/>\n<meta property=\"article:modified_time\" content=\"2017-02-28T16:14:45+00:00\" \/>\n<meta name=\"twitter:card\" content=\"summary\" \/>\n<script type=\"application\/ld+json\" class=\"yoast-schema-graph\">{\"@context\":\"https:\/\/schema.org\",\"@graph\":[{\"@type\":\"WebSite\",\"@id\":\"http:\/\/nau2.com\/de\/#website\",\"url\":\"http:\/\/nau2.com\/de\/\",\"name\":\"Nau2\",\"description\":\"\",\"potentialAction\":[{\"@type\":\"SearchAction\",\"target\":\"http:\/\/nau2.com\/de\/?s={search_term_string}\",\"query-input\":\"required name=search_term_string\"}],\"inLanguage\":\"de\"},{\"@type\":\"WebPage\",\"@id\":\"http:\/\/nau2.com\/de\/integrated-digital-tools-ii_fs-16\/#webpage\",\"url\":\"http:\/\/nau2.com\/de\/integrated-digital-tools-ii_fs-16\/\",\"name\":\"Integrated Digital Tools II_FS 16 - Nau2\",\"isPartOf\":{\"@id\":\"http:\/\/nau2.com\/de\/#website\"},\"datePublished\":\"2017-02-28T16:11:02+00:00\",\"dateModified\":\"2017-02-28T16:14:45+00:00\",\"description\":\"Integrated Digital Tools II_SS 15 - Nau2 | TEACHING. SS 15 \\u2013 (\\u2018Light & Shadows\\u2019 - ) A Prototype for a transportable Pavilion. Lecturer: Jean-Lucien Gay & Silvan Oesterle. School: Accademia di Architettura di Mendrisio. Date: Spring Semester 2015. The course explores the architectural potential of advanced computational techniques for design and gives an outlook on how they are being applied in related fields, from architecture to arts, visual communication or furniture design.\",\"inLanguage\":\"de\",\"potentialAction\":[{\"@type\":\"ReadAction\",\"target\":[\"http:\/\/nau2.com\/de\/integrated-digital-tools-ii_fs-16\/\"]}]}]}<\/script>\n<!-- \/ Yoast SEO plugin. -->","_links":{"self":[{"href":"http:\/\/nau2.com\/de\/wp-json\/wp\/v2\/pages\/11956"}],"collection":[{"href":"http:\/\/nau2.com\/de\/wp-json\/wp\/v2\/pages"}],"about":[{"href":"http:\/\/nau2.com\/de\/wp-json\/wp\/v2\/types\/page"}],"author":[{"embeddable":true,"href":"http:\/\/nau2.com\/de\/wp-json\/wp\/v2\/users\/1"}],"replies":[{"embeddable":true,"href":"http:\/\/nau2.com\/de\/wp-json\/wp\/v2\/comments?post=11956"}],"version-history":[{"count":3,"href":"http:\/\/nau2.com\/de\/wp-json\/wp\/v2\/pages\/11956\/revisions"}],"predecessor-version":[{"id":11959,"href":"http:\/\/nau2.com\/de\/wp-json\/wp\/v2\/pages\/11956\/revisions\/11959"}],"wp:attachment":[{"href":"http:\/\/nau2.com\/de\/wp-json\/wp\/v2\/media?parent=11956"}],"curies":[{"name":"wp","href":"https:\/\/api.w.org\/{rel}","templated":true}]}}