{"id":5609,"date":"2015-01-15T19:44:58","date_gmt":"2015-01-15T18:44:58","guid":{"rendered":"http:\/\/nau2.com\/de\/?page_id=5609"},"modified":"2023-12-15T09:49:56","modified_gmt":"2023-12-15T08:49:56","slug":"ueber-uns","status":"publish","type":"page","link":"http:\/\/nau2.com\/de\/ueber-uns\/","title":{"rendered":"\u00dcBER UNS"},"content":{"rendered":"<p>[vc_row parallax=&#8221;content-moving&#8221; css=&#8221;.vc_custom_1481037496427{margin-bottom: 0px !important;padding-bottom: 15px !important;}&#8221;][vc_column][vc_column_text css=&#8221;.vc_custom_1481793589788{padding-bottom: 20px !important;padding-left: 10px !important;}&#8221;]<\/p>\n<h3><span style=\"font-size: 12pt; font-family: flama-light;\"><span style=\"font-size: 19pt;\"><span style=\"font-family: flama-light;\">\u00dcBER UNS<\/span><\/span><\/span><\/h3>\n<p>[\/vc_column_text][\/vc_column][vc_column width=&#8221;1\/2&#8243; css=&#8221;.vc_custom_1488469687068{padding-top: 8px !important;}&#8221;][vc_column_text css=&#8221;.vc_custom_1517590176845{padding-right: 10px !important;padding-left: 10px !important;}&#8221;]<span style=\"font-family: flama-light; font-size: 12pt;\">Nau2 ist ein multidisziplin\u00e4res Design Studio mit Sitz in Z\u00fcrich und Los Angeles. Wir sind Architekten, Designer und Szenografen, die gerne r\u00e4umliche Geschichten erz\u00e4hlen. Als Homonym von \u201aNow\u2019 und \u201aNeu\u2019 steht unser Brandname f\u00fcr innovatives Denken und zeitgen\u00f6ssisches Design. Unsere Architektur ist entschlossen zeitgem\u00e4ss, sie verbindet den Einsatz neuer Technologien und die Vorliebe zu radikalen Raumkonzepten. In bestehendem Kontext, besonders im denkmalgesch\u00fctztem Bestand, ist unser Vorgehen respektvoll und f\u00fchrt zu unerwarteten, nachhaltigen L\u00f6sungen.<\/span>[\/vc_column_text][\/vc_column][vc_column width=&#8221;1\/2&#8243; css=&#8221;.vc_custom_1488469701147{padding-top: 8px !important;}&#8221;][vc_column_text css=&#8221;.vc_custom_1517590190222{padding-right: 10px !important;padding-left: 10px !important;}&#8221;]<span style=\"font-family: flama-light; font-size: 12pt;\">Unsere Projekte bewegen sich im Spannungsfeld zwischen Architektur, Interieur, Ausstellungsgestaltung und digitalen Umgebungen. In den letzten 10 Jahren haben wir reichhaltige Erfahrungen gesammelt Ideen in gebaute Umgebungen umzuwandeln, physisch sowie virtuell. Innovation, Nachhaltigkeit und Pr\u00e4zision im Detail sind die Schl\u00fcsselattribute unserer Praxis. Die Arbeiten von Nau2 wurden durch zahlreiche Preise wie den Architektur + Marketing Award 2012, den Iconic Award 2014 &amp; 2016 und den IOC\/IAKS Silver Award\u20282015 ausgezeichnet.<\/span>[\/vc_column_text][\/vc_column][\/vc_row][vc_row css=&#8221;.vc_custom_1481036019528{margin-right: 0px !important;margin-left: 0px !important;background-color: #ffffff !important;}&#8221;][vc_column width=&#8221;1\/2&#8243;][vc_single_image image=&#8221;12204&#8243; img_size=&#8221;400&#215;400&#8243; alignment=&#8221;center&#8221; css=&#8221;.vc_custom_1488461997283{margin-bottom: 0px !important;padding-top: 20px !important;padding-bottom: 20px !important;}&#8221;][\/vc_column][vc_column width=&#8221;1\/2&#8243; css=&#8221;.vc_custom_1481036143497{padding-top: 70px !important;}&#8221;][vc_column_text css=&#8221;.vc_custom_1481793787105{padding-top: 15px !important;padding-bottom: 15px !important;padding-left: 10px !important;}&#8221;]<\/p>\n<h3><span style=\"font-size: 12pt; font-family: flama-light;\"><span style=\"font-size: 19pt;\"><span style=\"font-family: flama-light;\">Architektur, Ausstellungen<br \/>\n&amp; Digitale Umgebungen<\/span><\/span><\/span><\/h3>\n<p>[\/vc_column_text][vc_column_text css=&#8221;.vc_custom_1517586909128{padding-right: 20px !important;padding-bottom: 15px !important;padding-left: 10px !important;}&#8221;]<span style=\"font-family: flama-light; font-size: 12pt;\">Nau2 f\u00f6rdert ein kollaboratives Vorgehen, das akademische Forschung mit beruflicher Praxis verbindet. Zus\u00e4tzlich zu Architekten haben wir in den letzten 10 Jahren unsere Kompetenzen in weiteren Disziplinen wie der Szenografie und dem digitalen Design erweitert. Die heutige Praxis ist auf vielen Fronten engagiert, die Bandbreite der Arbeiten spannt von Architektur bis digitalen Umgebungen, einschlie\u00dflich Interieur, Ausstellungen und Event Design. Die Qualit\u00e4t des Erlebnisses, das Narrative und die Innovation funktionieren bei allen Projekten als gemeinsamer Nenner. Wir glauben im Grunde an die Fremdbest\u00e4ubung der Designdisziplinen und ermutigen Interdisziplinarit\u00e4t und Exploration in der Praxis.<\/span><\/p>\n<p><span style=\"font-family: flama-light; font-size: 12pt;\">\u00a0<\/span>[\/vc_column_text][\/vc_column][\/vc_row][vc_row full_width_row=&#8221;yes&#8221; css=&#8221;.vc_custom_1481036339016{margin-top: 6px !important;margin-bottom: 0px !important;border-top-width: 0px !important;border-bottom-width: 0px !important;padding-top: 0px !important;padding-bottom: 0px !important;}&#8221;][vc_column][vc_single_image image=&#8221;10687&#8243; img_size=&#8221;full&#8221;][\/vc_column][\/vc_row][vc_row parallax=&#8221;content-moving&#8221; css=&#8221;.vc_custom_1481037496427{margin-bottom: 0px !important;padding-bottom: 15px !important;}&#8221;][vc_column][vc_column_text css=&#8221;.vc_custom_1517589691317{padding-bottom: 20px !important;padding-left: 10px !important;}&#8221;]<\/p>\n<h3><span style=\"font-family: flama-light; font-size: 19pt;\">KURZE GESCHICHTE<br \/>\n<\/span><\/h3>\n<p>[\/vc_column_text][\/vc_column][vc_column width=&#8221;1\/2&#8243; css=&#8221;.vc_custom_1488469687068{padding-top: 8px !important;}&#8221;][vc_column_text css=&#8221;.vc_custom_1517590205858{padding-right: 10px !important;padding-left: 10px !important;}&#8221;]<span style=\"font-family: flama-light; font-size: 12pt;\">Nau2 wurde in Januar 2016 als Ergebnis der Fusion zwischen NAU und Drexler Guinand Jauslin Architekten Z\u00fcrich gegr\u00fcndet. Lanciert als interdisziplin\u00e4re Plattform zwischen Architektur und Film ist NAU seit 2008 mit dem Fokus auf kreative Entwurfsprozesse und kollaboartives Denken in Z\u00fcrich und Berlin aktiv. <\/span><\/p>\n<p>[\/vc_column_text][\/vc_column][vc_column width=&#8221;1\/2&#8243; css=&#8221;.vc_custom_1488469701147{padding-top: 8px !important;}&#8221;][vc_column_text css=&#8221;.vc_custom_1517590062712{padding-right: 10px !important;padding-left: 10px !important;}&#8221;]<span style=\"font-family: flama-light; font-size: 12pt;\">Das B\u00fcro von Drexler Guinand Jauslin Architekten ist 1999 gegr\u00fcndet worden und hat seitdem eine weitreichende Erfahrung in Planungsmethodik und Nachhaltigkeit gesammelt. Der Zusammenschluss erg\u00e4nzt die Fachkenntnisse, verst\u00e4rkt die Verankerung in Z\u00fcrich und erweitert die Palette der angebotenen Leistungen.<\/span><\/p>\n<p>[\/vc_column_text][\/vc_column][\/vc_row][vc_row gap=&#8221;10&#8243; equal_height=&#8221;yes&#8221; content_placement=&#8221;top&#8221; parallax=&#8221;content-moving&#8221; css=&#8221;.vc_custom_1481040966249{margin-top: 6px !important;margin-right: 0px !important;margin-bottom: 0px !important;margin-left: 0px !important;padding-top: 15px !important;padding-bottom: 25px !important;background-color: #ffffff !important;}&#8221;][vc_column width=&#8221;1\/2&#8243; css=&#8221;.vc_custom_1480498015872{padding-left: 10px !important;}&#8221;][vc_column_text css=&#8221;.vc_custom_1488448567979{padding-top: 15px !important;padding-bottom: 15px !important;}&#8221;]<\/p>\n<h3><span style=\"font-family: flama-light; font-size: 19pt;\">AUSZEICHNUNGEN<\/span><\/h3>\n<p>[\/vc_column_text][vc_column_text css=&#8221;.vc_custom_1699969320581{padding-right: 10px !important;padding-bottom: 15px !important;}&#8221;]<\/p>\n<p><span style=\"font-family: flama-light; font-size: 12pt;\"> 202<\/span><span style=\"font-family: flama-light; font-size: 12pt;\">2 Iconic Awards, Innovative Architecture, Winner<br \/>\n2018 Th\u00fcringer Staatspreis, f\u00fcr Architektur und St\u00e4dtebau<br \/>\n2018 Architizer A+ Awards, Special Mention<br \/>\n2018 Iconic Awards, Innovative Architecture<br \/>\n2018 Iconic Awards, Innovative Interior<br \/>\n2016 Iconic Awards, Winner<br \/>\n2015 IOC\/IAKS Silver Award<br \/>\n2015 Build Award, Best Full Service Architecture Firm<br \/>\n2015 German Design Awards, Winner<br \/>\n2015 Architizer A+ Awards, \u2018Honorable Mention\u2019<br \/>\n2014 Swiss-Architects \u2018Bau der Woche\u2019<br \/>\n2014 Iconic Awards, Winner<br \/>\n2014 Rigips Trophy, Bronze in the main category<\/span>[\/vc_column_text][\/vc_column][vc_column width=&#8221;1\/2&#8243; css=&#8221;.vc_custom_1480496674951{padding-left: 10px !important;}&#8221;][vc_column_text css=&#8221;.vc_custom_1517589868391{padding-top: 15px !important;padding-bottom: 15px !important;}&#8221;]<\/p>\n<h3><span style=\"font-family: flama-light; font-size: 19pt;\">WETTBEWERBSERFOLGE<\/span><\/h3>\n<p>[\/vc_column_text][vc_column_text css=&#8221;.vc_custom_1666616977843{padding-right: 10px !important;padding-bottom: 15px !important;}&#8221;]<span style=\"font-family: flama-light; font-size: 12pt;\">2022 Raiffeisenbank Wasserschloss, 2. Preis<br \/>\n2021 Raiffeisenbank Sch\u00f6ftland, 2. Preis<br \/>\n2020 Br\u00fccke \u00fcber den Graben St. Gallen, 1. Preis<br \/>\n2019 Raiffeisenbank und Wohnen Wettingen, 1. Preis<br \/>\n2019 Raiffeisenbank und Wohnen Kelleramt- Albis, 2. Preis<br \/>\n2019 Raiffeisenbank Neunkirch, 1. Preis<br \/>\n2019 Raiffeisenbank Therwil und Ettingen, 1. Preis<br \/>\n2018 Raiffeisenbank Zug, 2. Preis<br \/>\n2018 Raiffeisenbank Leuggern, 3. Preis<br \/>\n2018 Areal Uberbauung RB M\u00fcnchwilen, 2. Preis<br \/>\n2018 Raiffeisenbank Fislisbach, 2. Preis<br \/>\n2017 Primarschulanlage Susten, 1. Preis<br \/>\n2017 Raiffeisenbank Birmensdorf, 2. Preis<br \/>\n2017 Raiffeisenbank Uster, 2. Preis<br \/>\n2017 Betreuungshaus R\u00fcterwis, Zollikon, 1. Preis ex-aequo<br \/>\n2015 Betriebszentrum TNT Swiss Post Deutschschweiz, 1. Preis<br \/>\n2015 Raiffeisenbank Davos, 2. Preis<br \/>\n2014 Areal\u00fcberbauung Winterthur, Zweiphasiger Wettbewerb, 2. Preis<br \/>\n2013 Stadtbibliothek Heidenheim, Internationaler Wettbewerb, 2. Preis<br \/>\n2012 Einbau Raiffeisenbank Schaffhausen, 1. Preis<br \/>\n2012 VZ Finanzportal Lounge, Z\u00fcrich, Studienauftrag, 1. Preis<br \/>\n2010 Bain de G\u00e9ronde, Sierre, 1. Preis<br \/>\n2009 Raiffeisenbank Z\u00fcrich Kreuzplatz, 1. Preis<\/span>[\/vc_column_text][\/vc_column][\/vc_row][vc_row full_width_row=&#8221;yes&#8221; css=&#8221;.vc_custom_1480083768763{margin-top: 0px !important;margin-bottom: 0px !important;padding-top: 15px !important;padding-bottom: 0px !important;}&#8221;][vc_column][vc_column_text css=&#8221;.vc_custom_1481021137576{margin-bottom: 0px !important;padding-top: 15px !important;padding-bottom: 15px !important;padding-left: 10px !important;}&#8221;]<\/p>\n<h3><span style=\"font-family: flama-light; font-size: 19pt;\">PARTNERS<\/span><\/h3>\n<p>[\/vc_column_text][vc_row_inner css=&#8221;.vc_custom_1480081564849{margin-top: 0px !important;padding-top: 0px !important;}&#8221;][vc_column_inner width=&#8221;1\/4&#8243; css=&#8221;.vc_custom_1480497417325{padding-top: 20px !important;padding-bottom: 10px !important;}&#8221;][vc_single_image image=&#8221;5127&#8243; img_size=&#8221;full&#8221; css=&#8221;.vc_custom_1480497197868{margin-bottom: 0px !important;}&#8221;][vc_column_text css=&#8221;.vc_custom_1517587069503{margin-top: 20px !important;padding-right: 10px !important;padding-left: 10px !important;}&#8221;]<\/p>\n<p style=\"text-align: left;\"><strong><span style=\"font-family: flama-light; font-size: 12pt;\">Jean-Lucien Gay<\/span><\/strong><\/p>\n<p><span style=\"font-family: flama-light; font-size: 12pt;\">Partner\/Gr\u00fcnder I 1972 I Nau2 Zurich<\/span><\/p>\n<p><span style=\"font-family: flama-light; font-size: 12pt;\">Jean-Lucien Gay ist ein Architekt und Gestalter mit internationalem Hintergrund. Nach seinem Studium an der ETH Z\u00fcrich und an der TU Delft nahm er eine zentrale Rolle im Studio Daniel Libeskind in Berlin und New York ein, wo er prominente Projekte in Europa, Asien und in den Vereinigten Staaten plante. Zusammen mit Marc Guinand gr\u00fcndete er das Nau2 B\u00fcro in Z\u00fcrich. Er bewegt sich disziplin\u00fcbergreifend als Architekt, Designer und Szenograf, dabei verkn\u00fcpft er eine filmische Wahrnehmung, einen ausgepr\u00e4gten r\u00e4umlichen Sinn und eine Vorliebe f\u00fcr neue Technologien. Zudem verfolgt Jean-Lucien Gay eine akademische Karriere und lehrt seit 2010 an der Accademia di Architettura in Mendriso, wo er in den Forschungsgebieten der computerbasierten Architektur und dem r\u00e4umlichem Design t\u00e4tig ist.<\/span>[\/vc_column_text][\/vc_column_inner][vc_column_inner width=&#8221;1\/4&#8243; css=&#8221;.vc_custom_1480497427746{padding-top: 20px !important;padding-bottom: 10px !important;}&#8221;][vc_single_image image=&#8221;5131&#8243; img_size=&#8221;full&#8221; css=&#8221;.vc_custom_1480497303817{margin-bottom: 0px !important;}&#8221;][vc_column_text css=&#8221;.vc_custom_1517587197801{margin-top: 20px !important;padding-right: 10px !important;padding-left: 10px !important;}&#8221;]<\/p>\n<p style=\"text-align: left;\"><span style=\"font-family: flama-light; font-size: 12pt;\"><strong>Marc Guinand<\/strong><\/span><\/p>\n<p><span style=\"font-family: flama-light; font-size: 12pt;\">Partner\/Gr\u00fcnder I 1972 I Nau2 Zurich<\/span><\/p>\n<p><span style=\"font-family: flama-light; font-size: 12pt;\">Marc Guinand ist ein Architekt mit reichhaltigen Kenntnissen in der Planung und Realisierung von komplexen Bauprojekten. Er diplomierte an der ETH Z\u00fcrich und sammelte Berufserfahrungen bei verschiedenen renommierten Architekturb\u00fcros\u2028wie OMA (Rotterdam), Max Dudler (Berlin) und Tristan Kobler (Z\u00fcrich). In 1999 gr\u00fcndete er mit Partnern das B\u00fcro Drexler Guinand Jauslin Architekten, mit dem er erfolgreich zahlreiche Projekte in unterschiedlichen Massst\u00e4ben realisierte. Zusammen mit Jean-Lucien Gay f\u00fchrt er heute das B\u00fcro Nau2 in Z\u00fcrich. Marc Guinand kombiniert ein Auge f\u00fcr das Detail, eine strategische Entwurfsmethodik und eine kulturelle Architekturvision, um den Planungsprozess proaktiv zu steuern und die h\u00f6chste Qualit\u00e4t zu erreichen. Er ist Mitglied bei diversen beruflichen Vereinen, der SIA, dem FSAI und dem ZSL.<\/span><\/p>\n<p><span style=\"font-family: flama-light; font-size: 12pt;\">\u00a0<\/span>[\/vc_column_text][\/vc_column_inner][vc_column_inner width=&#8221;1\/4&#8243; css=&#8221;.vc_custom_1480497449200{padding-top: 20px !important;padding-bottom: 10px !important;}&#8221;][vc_single_image image=&#8221;5135&#8243; img_size=&#8221;full&#8221; css=&#8221;.vc_custom_1480497336073{margin-bottom: 0px !important;}&#8221;][vc_column_text css=&#8221;.vc_custom_1517587032250{margin-top: 20px !important;padding-right: 10px !important;padding-left: 10px !important;}&#8221;]<\/p>\n<p style=\"text-align: left;\"><strong><span style=\"font-family: flama-light; font-size: 12pt;\">Michael J. Brown<br \/>\n<\/span><\/strong><\/p>\n<p><span style=\"font-family: flama-light; font-size: 12pt;\">Partner\/Gr\u00fcnder I 1977 I Nau2 LA<\/span><\/p>\n<p><span style=\"font-family: flama-light; font-size: 12pt;\">Michael J. Brown kombiniert eine weitreichende Erfahrung als Architekt von internationalen Projekten mit seinem Fachwissen als Kreativ-Direktor von Filmen, Marketing und Brand Events. Er arbeitete f\u00fcr das Studio Daniel Libeskind in Berlin und New York, wo er die Planung von mehreren preisgekr\u00f6nten kulturellen Geb\u00e4uden leitete und eine zentrale Rolle im World Trade Center Masterplan einnahm. 2015 zog er nach Los Angels und er\u00f6ffnete eine Nau2 Filiale, die eine st\u00e4rkere Verbindung des B\u00fcros zur Filmindustrie und den damit verbundenen kreativen Industrien schafft. Bei der Entwicklung von temporeichen Projekten wie Filmsets und digitalen Umgebungen stellt seine Erfahrung mit Fabrikationsprozessen und den Abl\u00e4ufen in Art Departments eine wertvolle St\u00e4rke dar. Parallel dazu h\u00e4lt Michael J. Brown regelm\u00e4\u00dfig Vorlesungen und Workshops und verfasst Beitr\u00e4ge in Fachzeitschriften.<\/span><\/p>\n<p style=\"text-align: left;\"><span style=\"font-family: flama-light; font-size: 12pt;\">\u00a0<\/span><\/p>\n<p>[\/vc_column_text][\/vc_column_inner][vc_column_inner width=&#8221;1\/4&#8243; css=&#8221;.vc_custom_1480497437872{padding-top: 20px !important;padding-bottom: 10px !important;}&#8221;][vc_single_image image=&#8221;5129&#8243; img_size=&#8221;full&#8221; css=&#8221;.vc_custom_1480497322550{margin-bottom: 0px !important;}&#8221;][vc_column_text css=&#8221;.vc_custom_1488448794485{margin-top: 20px !important;padding-right: 10px !important;padding-left: 10px !important;}&#8221;]<\/p>\n<p style=\"text-align: left;\"><strong><span style=\"font-family: flama-light; font-size: 12pt;\">Nadine Jerchau <\/span><\/strong><\/p>\n<p><span style=\"font-family: flama-light; font-size: 12pt;\">Associate I 1977 I Nau2 Zurich<\/span><\/p>\n<p><span style=\"font-family: flama-light; font-size: 12pt;\">Nadine Jerchau ist eine vielseitig talentierte Architektin, Ausstellungsgestalterin und Akademiker. Nach ihrem Architekturstudium, an der TU Berlin und der Kunstakademie Kopenhagen, gr\u00fcndete sie einen interdisziplin\u00e4ren Thinktank f\u00fcr Architekturkommunikation und urbanen Kultur mit. F\u00fcr Nadine Jerchau stellt als Architektin und Gestalterin ein experimenteller Prozess bei der Entwicklung eines r\u00e4umlichen Konstrukts ein integrativer Bestandteil des Entwurfes dar. Szenografie und architektonische Repr\u00e4sentation formen die Kernbereiche ihre akademische Karriere, die an der ETH Z\u00fcrich anfing und sie an ihre heutige Anstellung als Dozentin an der Hochschule Luzern f\u00fchrte.<\/span>[\/vc_column_text][\/vc_column_inner][\/vc_row_inner][vc_column_text css=&#8221;.vc_custom_1488449455546{margin-bottom: 0px !important;padding-top: 30px !important;padding-bottom: 10px !important;padding-left: 10px !important;}&#8221;]<span style=\"font-family: flama-light; font-size: 19pt;\">TEAM<\/span><\/p>\n<p><strong><span style=\"font-family: flama-light; font-size: 12pt;\">Ehemalige und aktuelle MitarbeiterInnen:<\/span><\/strong>[\/vc_column_text][vc_row_inner equal_height=&#8221;yes&#8221; css=&#8221;.vc_custom_1481290788156{margin-top: 0px !important;padding-top: 0px !important;padding-bottom: 50px !important;}&#8221;][vc_column_inner width=&#8221;1\/2&#8243; css=&#8221;.vc_custom_1481023594919{padding-top: 15px !important;}&#8221;][vc_column_text css=&#8221;.vc_custom_1666354693665{margin-top: 0px !important;padding-top: 0px !important;padding-right: 30px !important;padding-left: 10px !important;}&#8221;]<span style=\"font-family: flama-light; font-size: 12pt;\">May Ackermann, Laila Arendt, Stephanie Adamou, Matteo Barchi, <strong>Laura Bartha<\/strong>, Laurent Biot<strong>, <\/strong>Amineh Boss, <strong>Benjamin Br\u00fcckmann<\/strong>, Knut Brunier, Johanna Bucher, <strong>Eva B\u00fcttner<\/strong>, Juan Crevill\u00e9n, Deniz Demiroglu, Matthew Diack, David Dick, <strong>Pio Dolera Antolinos<\/strong>, Yasmin Enger, Claudia Ernst, Fujan Fahmi, Thoms Felix, Andrea Gerber, Ines Henny, Naida Ilazovic, <strong>L\u00e9onard Kocan<\/strong>, <strong>Christoph Kugelart<\/strong><\/span>[\/vc_column_text][\/vc_column_inner][vc_column_inner width=&#8221;1\/2&#8243;][vc_column_text css=&#8221;.vc_custom_1666344081748{margin-top: 0px !important;padding-top: 0px !important;padding-right: 25px !important;padding-left: 10px !important;}&#8221;]<span style=\"font-family: flama-light; font-size: 12pt;\">Murielle Leucker, <\/span><span style=\"font-size: 12pt; font-family: flama-light;\">Katarzyna Lewandowska, <strong>Pablo Losa<\/strong>, Roberta Margnetti, Martyna Michalik, Michael Mix, Stefania M\u00f6ckli, Irene Per Villa, Francisca Perloiro, Maggie Planchat, Francesco Pusterla, Daniel Schuster, Marie Sieber, Jos\u00e9 Silva, Michelle Studtmann, S\u00fcmeyye Subasi, Lauren Tang, Daniel Vega, Tereza Vyhlidalova, <strong>Anna Zakieta<\/strong>, Simon Zimmermann<\/span>[\/vc_column_text][\/vc_column_inner][\/vc_row_inner][\/vc_column][\/vc_row]<\/p>\n","protected":false},"excerpt":{"rendered":"<p>[vc_row parallax=&#8221;content-moving&#8221; css=&#8221;.vc_custom_1481037496427{margin-bottom: 0px !important;padding-bottom: 15px !important;}&#8221;][vc_column][vc_column_text css=&#8221;.vc_custom_1481793589788{padding-bottom: 20px !important;padding-left: 10px !important;}&#8221;] \u00dcBER UNS [\/vc_column_text][\/vc_column][vc_column width=&#8221;1\/2&#8243; css=&#8221;.vc_custom_1488469687068{padding-top: 8px !important;}&#8221;][vc_column_text css=&#8221;.vc_custom_1517590176845{padding-right: 10px !important;padding-left: 10px !important;}&#8221;]Nau2 ist ein multidisziplin\u00e4res Design Studio mit Sitz in Z\u00fcrich und Los Angeles. Wir sind Architekten, Designer und Szenografen, die gerne r\u00e4umliche Geschichten erz\u00e4hlen. Als Homonym von \u201aNow\u2019 und \u201aNeu\u2019 steht unser Brandname f\u00fcr innovatives Denken und zeitgen\u00f6ssisches Design. Unsere Architektur ist entschlossen zeitgem\u00e4ss, sie verbindet den Einsatz neuer Technologien und die Vorliebe zu radikalen Raumkonzepten. In bestehendem Kontext, besonders im denkmalgesch\u00fctztem Bestand, ist unser Vorgehen respektvoll und f\u00fchrt zu unerwarteten, nachhaltigen L\u00f6sungen.[\/vc_column_text][\/vc_column][vc_column width=&#8221;1\/2&#8243; css=&#8221;.vc_custom_1488469701147{padding-top: 8px !important;}&#8221;][vc_column_text css=&#8221;.vc_custom_1517590190222{padding-right: 10px !important;padding-left: 10px !important;}&#8221;]Unsere Projekte bewegen sich im Spannungsfeld &hellip; <a href=\"http:\/\/nau2.com\/de\/ueber-uns\/\">Continued<\/a><\/p>\n","protected":false},"author":1,"featured_media":0,"parent":0,"menu_order":0,"comment_status":"closed","ping_status":"closed","template":"","meta":{"_links_to":"","_links_to_target":""},"yoast_head":"<!-- This site is optimized with the Yoast SEO plugin v15.1.1 - https:\/\/yoast.com\/wordpress\/plugins\/seo\/ -->\n<meta name=\"description\" content=\"\u00dcBER UNS - Nau2 | Architektur, Ausstellungen &amp; Digitale Umgebungen | Riedtlistrasse 27 | CH-8006 Z\u00fcrich | T +41 44 271 0680 | info@nau2.com\" \/>\n<meta name=\"robots\" content=\"index, follow, max-snippet:-1, max-image-preview:large, max-video-preview:-1\" \/>\n<link rel=\"canonical\" href=\"http:\/\/nau2.com\/de\/ueber-uns\/\" \/>\n<meta property=\"og:locale\" content=\"de_DE\" \/>\n<meta property=\"og:type\" content=\"article\" \/>\n<meta property=\"og:title\" content=\"\u00dcBER UNS - Nau2\" \/>\n<meta property=\"og:description\" content=\"\u00dcBER UNS - Nau2 | Architektur, Ausstellungen &amp; Digitale Umgebungen | Riedtlistrasse 27 | CH-8006 Z\u00fcrich | T +41 44 271 0680 | info@nau2.com\" \/>\n<meta property=\"og:url\" content=\"http:\/\/nau2.com\/de\/ueber-uns\/\" \/>\n<meta property=\"og:site_name\" content=\"Nau2\" \/>\n<meta property=\"article:modified_time\" content=\"2023-12-15T08:49:56+00:00\" \/>\n<meta name=\"twitter:card\" content=\"summary\" \/>\n<script type=\"application\/ld+json\" class=\"yoast-schema-graph\">{\"@context\":\"https:\/\/schema.org\",\"@graph\":[{\"@type\":\"WebSite\",\"@id\":\"http:\/\/nau2.com\/de\/#website\",\"url\":\"http:\/\/nau2.com\/de\/\",\"name\":\"Nau2\",\"description\":\"\",\"potentialAction\":[{\"@type\":\"SearchAction\",\"target\":\"http:\/\/nau2.com\/de\/?s={search_term_string}\",\"query-input\":\"required name=search_term_string\"}],\"inLanguage\":\"de\"},{\"@type\":\"WebPage\",\"@id\":\"http:\/\/nau2.com\/de\/ueber-uns\/#webpage\",\"url\":\"http:\/\/nau2.com\/de\/ueber-uns\/\",\"name\":\"\\u00dcBER UNS - Nau2\",\"isPartOf\":{\"@id\":\"http:\/\/nau2.com\/de\/#website\"},\"datePublished\":\"2015-01-15T18:44:58+00:00\",\"dateModified\":\"2023-12-15T08:49:56+00:00\",\"description\":\"\\u00dcBER UNS - Nau2 | Architektur, Ausstellungen & Digitale Umgebungen | Riedtlistrasse 27 | CH-8006 Z\\u00fcrich | T +41 44 271 0680 | info@nau2.com\",\"inLanguage\":\"de\",\"potentialAction\":[{\"@type\":\"ReadAction\",\"target\":[\"http:\/\/nau2.com\/de\/ueber-uns\/\"]}]}]}<\/script>\n<!-- \/ Yoast SEO plugin. -->","_links":{"self":[{"href":"http:\/\/nau2.com\/de\/wp-json\/wp\/v2\/pages\/5609"}],"collection":[{"href":"http:\/\/nau2.com\/de\/wp-json\/wp\/v2\/pages"}],"about":[{"href":"http:\/\/nau2.com\/de\/wp-json\/wp\/v2\/types\/page"}],"author":[{"embeddable":true,"href":"http:\/\/nau2.com\/de\/wp-json\/wp\/v2\/users\/1"}],"replies":[{"embeddable":true,"href":"http:\/\/nau2.com\/de\/wp-json\/wp\/v2\/comments?post=5609"}],"version-history":[{"count":70,"href":"http:\/\/nau2.com\/de\/wp-json\/wp\/v2\/pages\/5609\/revisions"}],"predecessor-version":[{"id":24179,"href":"http:\/\/nau2.com\/de\/wp-json\/wp\/v2\/pages\/5609\/revisions\/24179"}],"wp:attachment":[{"href":"http:\/\/nau2.com\/de\/wp-json\/wp\/v2\/media?parent=5609"}],"curies":[{"name":"wp","href":"https:\/\/api.w.org\/{rel}","templated":true}]}}