{"id":5625,"date":"2016-01-13T12:42:23","date_gmt":"2016-01-13T11:42:23","guid":{"rendered":"http:\/\/nau2.com\/de\/?page_id=5625"},"modified":"2017-02-10T16:53:40","modified_gmt":"2017-02-10T15:53:40","slug":"das-11-prinzip","status":"publish","type":"page","link":"http:\/\/nau2.com\/de\/das-11-prinzip\/","title":{"rendered":"DAS 1&#038;1 PRINZIP"},"content":{"rendered":"<p>[vc_row css=&#8221;.vc_custom_1477558270592{margin-top: 0px !important;padding-top: 0px !important;}&#8221;][vc_column width=&#8221;2\/3&#8243;][vc_single_image image=&#8221;2258&#8243; img_size=&#8221;full&#8221; css=&#8221;.vc_custom_1476278283006{margin-bottom: 5px !important;}&#8221;][vc_column_text css=&#8221;.vc_custom_1477558738877{margin-top: 0px !important;margin-bottom: 5px !important;padding-right: 10px !important;}&#8221;]<iframe src=\"https:\/\/player.vimeo.com\/video\/168747465?color=ffffff&amp;title=0&amp;byline=0&amp;portrait=0\" width=\"768\" height=\"432\" frameborder=\"0\" allowfullscreen=\"allowfullscreen\"><\/iframe>[\/vc_column_text][vc_single_image image=&#8221;2259&#8243; img_size=&#8221;full&#8221; css=&#8221;.vc_custom_1477558472686{margin-top: 0px !important;margin-bottom: 5px !important;}&#8221;][vc_single_image image=&#8221;2261&#8243; img_size=&#8221;full&#8221; css=&#8221;.vc_custom_1476278334701{margin-top: 0px !important;margin-bottom: 5px !important;}&#8221;][vc_single_image image=&#8221;2262&#8243; img_size=&#8221;full&#8221; css=&#8221;.vc_custom_1476278344617{margin-top: 0px !important;margin-bottom: 5px !important;}&#8221;][vc_single_image image=&#8221;2260&#8243; img_size=&#8221;full&#8221; css=&#8221;.vc_custom_1476278358044{margin-top: 0px !important;margin-bottom: 5px !important;}&#8221;][\/vc_column][vc_column width=&#8221;1\/3&#8243;][vc_column_text css=&#8221;.vc_custom_1486742011713{padding-top: 35px !important;padding-right: 25px !important;padding-bottom: 30px !important;padding-left: 25px !important;background-color: #ffffff !important;}&#8221;]<\/p>\n<h3><span style=\"font-family: flama-light; font-size: 19pt;\">DAS 1&amp;1 PRINZIP<\/span><\/h3>\n<p><span style=\"font-size: 12pt;\"><strong><span style=\"font-family: flama-light;\">Werbespot f\u00fcr eine Kampagne von 1&amp;1<\/span><\/strong><\/span><\/p>\n<p><span style=\"font-family: flama-light; font-size: 12pt;\"><strong>Auftraggeber:<\/strong> 1&amp;1 \/ Markenfilm<br \/>\n<strong>Austrahlung:<\/strong> Deutsches Fernsehen<br \/>\n<strong>Produktion:<\/strong> Markenfilm<br \/>\n<strong>Zeitraum:<\/strong> 2012<\/span><\/p>\n<p><span style=\"font-family: flama-light; font-size: 12pt;\">In Zusammenarbeit mit Produktionsdesigner Tino Schaedler wurde Nau2 beauftragt, das digitale B\u00fchnenbild f\u00fcr einen neuen Werbespot f\u00fcr 1&amp;1 zu entwickeln. Dieser Neuling in der Medienbranche bietet Dienstleistungen im Bereich Webhosting, elektronische Ger\u00e4te und Mobiltelefonie. Die neue Werbekampagne \u201aDas 1&amp;1 Prinzip\u2019 hebt dementsprechend die Geschwindigkeit, die Qualit\u00e4t des Kundenservice und die Breite des Angebotes hervor.<\/span><\/p>\n<p><span style=\"font-family: flama-light; font-size: 12pt;\">Das B\u00fchnenbild betont die Effizienz der Massenoperationen von 1&amp;1. Es ist um ein Atrium aufgebaut, wo Maschinen, Ger\u00fcste sowie tausende von Mitarbeitern st\u00e4ndig in Bewegung sind, um allerlei Kundenw\u00fcnsche zu erf\u00fcllen. Ein Raster von R\u00e4umen in CI-blau stellt den Webshop von 1&amp;1 auf, wo jedes Feld eine besondere Dienstleistung portraitiert. Das breite Angebot in verschiedenen Sektoren erm\u00f6glicht der Firma hervorzuheben, dass hunderte von Produkten nur 1 Klick entfernt sind, deren Lieferung frei Haus nur 1 Tag dauert und die R\u00fcckgabegarantie 1 Monat g\u00fcltig ist.<\/span>[\/vc_column_text][\/vc_column][\/vc_row]<\/p>\n","protected":false},"excerpt":{"rendered":"<p>[vc_row css=&#8221;.vc_custom_1477558270592{margin-top: 0px !important;padding-top: 0px !important;}&#8221;][vc_column width=&#8221;2\/3&#8243;][vc_single_image image=&#8221;2258&#8243; img_size=&#8221;full&#8221; css=&#8221;.vc_custom_1476278283006{margin-bottom: 5px !important;}&#8221;][vc_column_text css=&#8221;.vc_custom_1477558738877{margin-top: 0px !important;margin-bottom: 5px !important;padding-right: 10px !important;}&#8221;][\/vc_column_text][vc_single_image image=&#8221;2259&#8243; img_size=&#8221;full&#8221; css=&#8221;.vc_custom_1477558472686{margin-top: 0px !important;margin-bottom: 5px !important;}&#8221;][vc_single_image image=&#8221;2261&#8243; img_size=&#8221;full&#8221; css=&#8221;.vc_custom_1476278334701{margin-top: 0px !important;margin-bottom: 5px !important;}&#8221;][vc_single_image image=&#8221;2262&#8243; img_size=&#8221;full&#8221; css=&#8221;.vc_custom_1476278344617{margin-top: 0px !important;margin-bottom: 5px !important;}&#8221;][vc_single_image image=&#8221;2260&#8243; img_size=&#8221;full&#8221; css=&#8221;.vc_custom_1476278358044{margin-top: 0px !important;margin-bottom: 5px !important;}&#8221;][\/vc_column][vc_column width=&#8221;1\/3&#8243;][vc_column_text css=&#8221;.vc_custom_1486742011713{padding-top: 35px !important;padding-right: 25px !important;padding-bottom: 30px !important;padding-left: 25px !important;background-color: #ffffff !important;}&#8221;] DAS 1&amp;1 PRINZIP Werbespot f\u00fcr eine Kampagne von 1&amp;1 Auftraggeber: 1&amp;1 \/ Markenfilm Austrahlung: Deutsches Fernsehen Produktion: Markenfilm Zeitraum: 2012 In Zusammenarbeit mit Produktionsdesigner Tino Schaedler wurde Nau2 beauftragt, das digitale B\u00fchnenbild f\u00fcr einen neuen Werbespot f\u00fcr 1&amp;1 zu entwickeln. Dieser Neuling in der Medienbranche bietet Dienstleistungen im Bereich Webhosting, elektronische &hellip; <a href=\"http:\/\/nau2.com\/de\/das-11-prinzip\/\">Continued<\/a><\/p>\n","protected":false},"author":1,"featured_media":2911,"parent":0,"menu_order":0,"comment_status":"closed","ping_status":"closed","template":"","meta":{"_links_to":"","_links_to_target":""},"yoast_head":"<!-- This site is optimized with the Yoast SEO plugin v15.1.1 - https:\/\/yoast.com\/wordpress\/plugins\/seo\/ -->\n<meta name=\"description\" content=\"DAS 1&amp;1 PRINZIP - Nau2 | DIGITALE UMGEBUNGEN. Werbespot f\u00fcr eine Kampagne von 1&amp;1. Auftraggeber: 1&amp;1 \/ Markenfilm. Austrahlung: Deutsches Fernsehen. Produktion: Markenfilm. Zeitraum: 2012. In Zusammenarbeit mit Produktionsdesigner Tino Schaedler wurde Nau2 beauftragt, das digitale B\u00fchnenbild f\u00fcr einen neuen Werbespot f\u00fcr 1&amp;1 zu entwickeln.\" \/>\n<meta name=\"robots\" content=\"index, follow, max-snippet:-1, max-image-preview:large, max-video-preview:-1\" \/>\n<link rel=\"canonical\" href=\"http:\/\/nau2.com\/de\/das-11-prinzip\/\" \/>\n<meta property=\"og:locale\" content=\"de_DE\" \/>\n<meta property=\"og:type\" content=\"article\" \/>\n<meta property=\"og:title\" content=\"DAS 1&amp;1 PRINZIP - Nau2\" \/>\n<meta property=\"og:description\" content=\"DAS 1&amp;1 PRINZIP - Nau2 | DIGITALE UMGEBUNGEN. Werbespot f\u00fcr eine Kampagne von 1&amp;1. Auftraggeber: 1&amp;1 \/ Markenfilm. Austrahlung: Deutsches Fernsehen. Produktion: Markenfilm. Zeitraum: 2012. In Zusammenarbeit mit Produktionsdesigner Tino Schaedler wurde Nau2 beauftragt, das digitale B\u00fchnenbild f\u00fcr einen neuen Werbespot f\u00fcr 1&amp;1 zu entwickeln.\" \/>\n<meta property=\"og:url\" content=\"http:\/\/nau2.com\/de\/das-11-prinzip\/\" \/>\n<meta property=\"og:site_name\" content=\"Nau2\" \/>\n<meta property=\"article:modified_time\" content=\"2017-02-10T15:53:40+00:00\" \/>\n<meta property=\"og:image\" content=\"http:\/\/nau2.com\/wp-content\/uploads\/2016\/01\/1und1_01Website-e1452685116983.jpg\" \/>\n\t<meta property=\"og:image:width\" content=\"768\" \/>\n\t<meta property=\"og:image:height\" content=\"419\" \/>\n<meta name=\"twitter:card\" content=\"summary\" \/>\n<script type=\"application\/ld+json\" class=\"yoast-schema-graph\">{\"@context\":\"https:\/\/schema.org\",\"@graph\":[{\"@type\":\"WebSite\",\"@id\":\"http:\/\/nau2.com\/de\/#website\",\"url\":\"http:\/\/nau2.com\/de\/\",\"name\":\"Nau2\",\"description\":\"\",\"potentialAction\":[{\"@type\":\"SearchAction\",\"target\":\"http:\/\/nau2.com\/de\/?s={search_term_string}\",\"query-input\":\"required name=search_term_string\"}],\"inLanguage\":\"de\"},{\"@type\":\"ImageObject\",\"@id\":\"http:\/\/nau2.com\/de\/das-11-prinzip\/#primaryimage\",\"inLanguage\":\"de\",\"url\":\"http:\/\/nau2.com\/wp-content\/uploads\/2016\/01\/1und1_01Website-e1452685116983.jpg\",\"width\":768,\"height\":419},{\"@type\":\"WebPage\",\"@id\":\"http:\/\/nau2.com\/de\/das-11-prinzip\/#webpage\",\"url\":\"http:\/\/nau2.com\/de\/das-11-prinzip\/\",\"name\":\"DAS 1&1 PRINZIP - Nau2\",\"isPartOf\":{\"@id\":\"http:\/\/nau2.com\/de\/#website\"},\"primaryImageOfPage\":{\"@id\":\"http:\/\/nau2.com\/de\/das-11-prinzip\/#primaryimage\"},\"datePublished\":\"2016-01-13T11:42:23+00:00\",\"dateModified\":\"2017-02-10T15:53:40+00:00\",\"description\":\"DAS 1&1 PRINZIP - Nau2 | DIGITALE UMGEBUNGEN. Werbespot f\\u00fcr eine Kampagne von 1&1. Auftraggeber: 1&1 \/ Markenfilm. Austrahlung: Deutsches Fernsehen. Produktion: Markenfilm. Zeitraum: 2012. In Zusammenarbeit mit Produktionsdesigner Tino Schaedler wurde Nau2 beauftragt, das digitale B\\u00fchnenbild f\\u00fcr einen neuen Werbespot f\\u00fcr 1&1 zu entwickeln.\",\"inLanguage\":\"de\",\"potentialAction\":[{\"@type\":\"ReadAction\",\"target\":[\"http:\/\/nau2.com\/de\/das-11-prinzip\/\"]}]}]}<\/script>\n<!-- \/ Yoast SEO plugin. -->","_links":{"self":[{"href":"http:\/\/nau2.com\/de\/wp-json\/wp\/v2\/pages\/5625"}],"collection":[{"href":"http:\/\/nau2.com\/de\/wp-json\/wp\/v2\/pages"}],"about":[{"href":"http:\/\/nau2.com\/de\/wp-json\/wp\/v2\/types\/page"}],"author":[{"embeddable":true,"href":"http:\/\/nau2.com\/de\/wp-json\/wp\/v2\/users\/1"}],"replies":[{"embeddable":true,"href":"http:\/\/nau2.com\/de\/wp-json\/wp\/v2\/comments?post=5625"}],"version-history":[{"count":13,"href":"http:\/\/nau2.com\/de\/wp-json\/wp\/v2\/pages\/5625\/revisions"}],"predecessor-version":[{"id":5628,"href":"http:\/\/nau2.com\/de\/wp-json\/wp\/v2\/pages\/5625\/revisions\/5628"}],"wp:featuredmedia":[{"embeddable":true,"href":"http:\/\/nau2.com\/de\/wp-json\/wp\/v2\/media\/2911"}],"wp:attachment":[{"href":"http:\/\/nau2.com\/de\/wp-json\/wp\/v2\/media?parent=5625"}],"curies":[{"name":"wp","href":"https:\/\/api.w.org\/{rel}","templated":true}]}}