{"id":8137,"date":"2016-01-13T08:53:50","date_gmt":"2016-01-13T07:53:50","guid":{"rendered":"http:\/\/nau2.com\/de\/?page_id=8137"},"modified":"2016-11-09T14:30:50","modified_gmt":"2016-11-09T13:30:50","slug":"vz-desk","status":"publish","type":"page","link":"http:\/\/nau2.com\/de\/vz-desk\/","title":{"rendered":"VZ-DESK"},"content":{"rendered":"<p>[vc_row full_height=&#8221;yes&#8221; content_placement=&#8221;top&#8221; css=&#8221;.vc_custom_1477559806219{margin-top: 0px !important;padding-top: 0px !important;}&#8221;][vc_column width=&#8221;2\/3&#8243;][vc_single_image image=&#8221;3508&#8243; img_size=&#8221;full&#8221; css=&#8221;.vc_custom_1476282480427{margin-bottom: 5px !important;}&#8221;][vc_single_image image=&#8221;3510&#8243; img_size=&#8221;full&#8221; css=&#8221;.vc_custom_1476282489145{margin-top: 0px !important;margin-bottom: 5px !important;}&#8221;][vc_single_image image=&#8221;9919&#8243; img_size=&#8221;full&#8221; css=&#8221;.vc_custom_1478183083042{margin-top: 0px !important;margin-bottom: 5px !important;}&#8221;][vc_single_image image=&#8221;9913&#8243; img_size=&#8221;full&#8221; css=&#8221;.vc_custom_1478183225711{margin-top: 0px !important;margin-bottom: 5px !important;}&#8221;][vc_single_image image=&#8221;3512&#8243; img_size=&#8221;full&#8221; css=&#8221;.vc_custom_1476282523959{margin-top: 0px !important;margin-bottom: 5px !important;}&#8221;][vc_single_image image=&#8221;3514&#8243; img_size=&#8221;full&#8221; css=&#8221;.vc_custom_1476282549662{margin-top: 0px !important;margin-bottom: 5px !important;}&#8221;][vc_single_image image=&#8221;3516&#8243; img_size=&#8221;full&#8221; css=&#8221;.vc_custom_1476282556098{margin-top: 0px !important;margin-bottom: 5px !important;}&#8221;][vc_column_text css=&#8221;.vc_custom_1477559786503{margin-top: 0px !important;margin-bottom: 5px !important;padding-right: 10px !important;}&#8221;]<iframe src=\"https:\/\/player.vimeo.com\/video\/170008373?color=ffffff&amp;title=0&amp;byline=0&amp;portrait=0\" width=\"768\" height=\"576\" frameborder=\"0\" allowfullscreen=\"allowfullscreen\"><\/iframe>[\/vc_column_text][vc_single_image image=&#8221;3518&#8243; img_size=&#8221;full&#8221; css=&#8221;.vc_custom_1476282588652{margin-top: 0px !important;margin-bottom: 5px !important;}&#8221;][vc_single_image image=&#8221;3520&#8243; img_size=&#8221;full&#8221; css=&#8221;.vc_custom_1476282597796{margin-top: 0px !important;margin-bottom: 5px !important;}&#8221;][vc_single_image image=&#8221;3522&#8243; img_size=&#8221;full&#8221; css=&#8221;.vc_custom_1476282606340{margin-top: 0px !important;}&#8221;][\/vc_column][vc_column width=&#8221;1\/3&#8243;][vc_column_text css=&#8221;.vc_custom_1477665624124{padding-top: 35px !important;padding-right: 25px !important;padding-bottom: 30px !important;padding-left: 25px !important;background-color: #ffffff !important;}&#8221;]<\/p>\n<h3><span style=\"font-size: 19pt; font-family: flama-light;\">VZ-DESK<\/span><\/h3>\n<p><span style=\"font-size: 12pt;\"><strong><span style=\"font-family: flama-light;\">Interaktive Lounge f\u00fcr das VZ Finanzportal<br \/>\n<\/span><span style=\"font-family: flama-light;\">eingeladener Studienauftrag, 1. Preis<\/span><\/strong><\/span><\/p>\n<p><span style=\"font-family: flama-light; font-size: 12pt;\"><strong>Auftraggeber:<\/strong> Verm\u00f6gensZentrum Z\u00fcrich<br \/>\n<strong>Standort:<\/strong> Z\u00fcrich, Schweiz<br \/>\n<strong>Zeitraum:<\/strong> 2012-2013<\/span><\/p>\n<p><span style=\"font-family: flama-light; font-size: 12pt;\">Das VZ Finanzportal bietet den Kunden des Verm\u00f6gensZentrum, zus\u00e4tzlich zur klassischen Verm\u00f6gensberatung, ein neues Online Angebot f\u00fcr intelligente, kosteng\u00fcnstige Finanzverwaltung. Der VZ Desk versteht sich als physisches Portal, als interaktiver Empfangsbereich dieser virtuellen Bank.<\/span><\/p>\n<p><span style=\"font-family: flama-light; font-size: 12pt;\">Als Inspirationsquelle dient das Logo des Verm\u00f6gensZentrum, neu interpretiert als multifunktionaler Desk, eine flexible Antwort auf die vielseitigen Aufgaben des offenen Raums: Empfangen, Informieren, Beraten. Ziel ist\u2028es, auf engem Raum ein ausdrucksstarkes architektonisches Element von hohem Wiedererkennungswert zu erzeugen, eine physische Darstellung der Depotbank.<\/span><\/p>\n<p><span style=\"font-family: flama-light; font-size: 12pt;\">Der VZ Desk ist ein offener Raum, in dem der Kunde frei flanieren und sich informieren kann, je nach Interesse. Der Schwerpunkt liegt auf Interaktivit\u00e4t und Self-service. Zus\u00e4tzlich zum Empfangsbereich bieten mehrere Stationen sowie Touchscreens die M\u00f6glichkeit, sich mit der Benutzeroberfl\u00e4che der Depotbank vertraut zu machen.<\/span><\/p>\n<p><span style=\"font-family: flama-light; font-size: 12pt;\">Die Materialit\u00e4t ist gepr\u00e4gt von Holz, Corian und High-Tech Ger\u00e4ten, um eine einladende und gleichzeitig innovative Stimmung zu erzeugen. Im hinteren Teil befinden sich private Besprechungsr\u00e4ume f\u00fcr eine intime pers\u00f6nliche Beratung, die in w\u00e4rmeren T\u00f6nen gehalten sind. Abends wird der Raum durch eine Multimedia Projektion animierter Information bespielt und beleuchtet, die der virtuellen Bank ein reelles \/ fassbares Gesicht verleiht.<\/span><\/p>\n<p><span style=\"font-size: 12pt;\"><strong><span style=\"font-family: flama-light;\">Projektpartner:<\/span><\/strong><\/span><br \/>\n<span style=\"font-family: flama-light; font-size: 12pt;\">&#8211; Glaeser Wogg, Baden<br \/>\n&#8211; Hefti Hess Martignoni, Z\u00fcrich<br \/>\n&#8211; AV Ganz, Z\u00fcrich<\/span><\/p>\n<p><span style=\"font-family: flama-light; font-size: 12pt;\"><strong>Fotos:<\/strong> \u00a9 Roger Frei<\/span>[\/vc_column_text][\/vc_column][\/vc_row]<\/p>\n","protected":false},"excerpt":{"rendered":"<p>[vc_row full_height=&#8221;yes&#8221; content_placement=&#8221;top&#8221; css=&#8221;.vc_custom_1477559806219{margin-top: 0px !important;padding-top: 0px !important;}&#8221;][vc_column width=&#8221;2\/3&#8243;][vc_single_image image=&#8221;3508&#8243; img_size=&#8221;full&#8221; css=&#8221;.vc_custom_1476282480427{margin-bottom: 5px !important;}&#8221;][vc_single_image image=&#8221;3510&#8243; img_size=&#8221;full&#8221; css=&#8221;.vc_custom_1476282489145{margin-top: 0px !important;margin-bottom: 5px !important;}&#8221;][vc_single_image image=&#8221;9919&#8243; img_size=&#8221;full&#8221; css=&#8221;.vc_custom_1478183083042{margin-top: 0px !important;margin-bottom: 5px !important;}&#8221;][vc_single_image image=&#8221;9913&#8243; img_size=&#8221;full&#8221; css=&#8221;.vc_custom_1478183225711{margin-top: 0px !important;margin-bottom: 5px !important;}&#8221;][vc_single_image image=&#8221;3512&#8243; img_size=&#8221;full&#8221; css=&#8221;.vc_custom_1476282523959{margin-top: 0px !important;margin-bottom: 5px !important;}&#8221;][vc_single_image image=&#8221;3514&#8243; img_size=&#8221;full&#8221; css=&#8221;.vc_custom_1476282549662{margin-top: 0px !important;margin-bottom: 5px !important;}&#8221;][vc_single_image image=&#8221;3516&#8243; img_size=&#8221;full&#8221; css=&#8221;.vc_custom_1476282556098{margin-top: 0px !important;margin-bottom: 5px !important;}&#8221;][vc_column_text css=&#8221;.vc_custom_1477559786503{margin-top: 0px !important;margin-bottom: 5px !important;padding-right: 10px !important;}&#8221;][\/vc_column_text][vc_single_image image=&#8221;3518&#8243; img_size=&#8221;full&#8221; css=&#8221;.vc_custom_1476282588652{margin-top: 0px !important;margin-bottom: 5px !important;}&#8221;][vc_single_image image=&#8221;3520&#8243; img_size=&#8221;full&#8221; css=&#8221;.vc_custom_1476282597796{margin-top: 0px !important;margin-bottom: 5px !important;}&#8221;][vc_single_image image=&#8221;3522&#8243; img_size=&#8221;full&#8221; css=&#8221;.vc_custom_1476282606340{margin-top: 0px !important;}&#8221;][\/vc_column][vc_column width=&#8221;1\/3&#8243;][vc_column_text css=&#8221;.vc_custom_1477665624124{padding-top: 35px !important;padding-right: 25px !important;padding-bottom: 30px !important;padding-left: 25px !important;background-color: #ffffff !important;}&#8221;] VZ-DESK Interaktive Lounge f\u00fcr das VZ Finanzportal eingeladener Studienauftrag, 1. Preis Auftraggeber: Verm\u00f6gensZentrum Z\u00fcrich Standort: Z\u00fcrich, &hellip; <a href=\"http:\/\/nau2.com\/de\/vz-desk\/\">Continued<\/a><\/p>\n","protected":false},"author":1,"featured_media":0,"parent":0,"menu_order":0,"comment_status":"closed","ping_status":"closed","template":"","meta":{"_links_to":"","_links_to_target":""},"yoast_head":"<!-- This site is optimized with the Yoast SEO plugin v15.1.1 - https:\/\/yoast.com\/wordpress\/plugins\/seo\/ -->\n<meta name=\"description\" content=\"VZ-Desk - Nau2 | INNENAUSBAU. Interaktive Lounge f\u00fcr das VZ Finanzportal eingeladener Studienauftrag, 1. Preis. Auftraggeber: Verm\u00f6gensZentrum Z\u00fcrich Standort: Z\u00fcrich, Schweiz. Zeitraum: 2012-2013. Das VZ Finanzportal bietet den Kunden des Verm\u00f6gensZentrum, zus\u00e4tzlich zur klassischen Verm\u00f6gensberatung, ein neues Online Angebot f\u00fcr intelligente, kosteng\u00fcnstige Finanzverwaltung. Der VZ Desk versteht sich als physisches Portal, als interaktiver Empfangsbereich dieser virtuellen Bank.\" \/>\n<meta name=\"robots\" content=\"index, follow, max-snippet:-1, max-image-preview:large, max-video-preview:-1\" \/>\n<link rel=\"canonical\" href=\"http:\/\/nau2.com\/de\/vz-desk\/\" \/>\n<meta property=\"og:locale\" content=\"de_DE\" \/>\n<meta property=\"og:type\" content=\"article\" \/>\n<meta property=\"og:title\" content=\"VZ-DESK - Nau2\" \/>\n<meta property=\"og:description\" content=\"VZ-Desk - Nau2 | INNENAUSBAU. Interaktive Lounge f\u00fcr das VZ Finanzportal eingeladener Studienauftrag, 1. Preis. Auftraggeber: Verm\u00f6gensZentrum Z\u00fcrich Standort: Z\u00fcrich, Schweiz. Zeitraum: 2012-2013. Das VZ Finanzportal bietet den Kunden des Verm\u00f6gensZentrum, zus\u00e4tzlich zur klassischen Verm\u00f6gensberatung, ein neues Online Angebot f\u00fcr intelligente, kosteng\u00fcnstige Finanzverwaltung. Der VZ Desk versteht sich als physisches Portal, als interaktiver Empfangsbereich dieser virtuellen Bank.\" \/>\n<meta property=\"og:url\" content=\"http:\/\/nau2.com\/de\/vz-desk\/\" \/>\n<meta property=\"og:site_name\" content=\"Nau2\" \/>\n<meta property=\"article:modified_time\" content=\"2016-11-09T13:30:50+00:00\" \/>\n<meta name=\"twitter:card\" content=\"summary\" \/>\n<script type=\"application\/ld+json\" class=\"yoast-schema-graph\">{\"@context\":\"https:\/\/schema.org\",\"@graph\":[{\"@type\":\"WebSite\",\"@id\":\"http:\/\/nau2.com\/de\/#website\",\"url\":\"http:\/\/nau2.com\/de\/\",\"name\":\"Nau2\",\"description\":\"\",\"potentialAction\":[{\"@type\":\"SearchAction\",\"target\":\"http:\/\/nau2.com\/de\/?s={search_term_string}\",\"query-input\":\"required name=search_term_string\"}],\"inLanguage\":\"de\"},{\"@type\":\"WebPage\",\"@id\":\"http:\/\/nau2.com\/de\/vz-desk\/#webpage\",\"url\":\"http:\/\/nau2.com\/de\/vz-desk\/\",\"name\":\"VZ-DESK - Nau2\",\"isPartOf\":{\"@id\":\"http:\/\/nau2.com\/de\/#website\"},\"datePublished\":\"2016-01-13T07:53:50+00:00\",\"dateModified\":\"2016-11-09T13:30:50+00:00\",\"description\":\"VZ-Desk - Nau2 | INNENAUSBAU. Interaktive Lounge f\\u00fcr das VZ Finanzportal eingeladener Studienauftrag, 1. Preis. Auftraggeber: Verm\\u00f6gensZentrum Z\\u00fcrich Standort: Z\\u00fcrich, Schweiz. Zeitraum: 2012-2013. Das VZ Finanzportal bietet den Kunden des Verm\\u00f6gensZentrum, zus\\u00e4tzlich zur klassischen Verm\\u00f6gensberatung, ein neues Online Angebot f\\u00fcr intelligente, kosteng\\u00fcnstige Finanzverwaltung. Der VZ Desk versteht sich als physisches Portal, als interaktiver Empfangsbereich dieser virtuellen Bank.\",\"inLanguage\":\"de\",\"potentialAction\":[{\"@type\":\"ReadAction\",\"target\":[\"http:\/\/nau2.com\/de\/vz-desk\/\"]}]}]}<\/script>\n<!-- \/ Yoast SEO plugin. -->","_links":{"self":[{"href":"http:\/\/nau2.com\/de\/wp-json\/wp\/v2\/pages\/8137"}],"collection":[{"href":"http:\/\/nau2.com\/de\/wp-json\/wp\/v2\/pages"}],"about":[{"href":"http:\/\/nau2.com\/de\/wp-json\/wp\/v2\/types\/page"}],"author":[{"embeddable":true,"href":"http:\/\/nau2.com\/de\/wp-json\/wp\/v2\/users\/1"}],"replies":[{"embeddable":true,"href":"http:\/\/nau2.com\/de\/wp-json\/wp\/v2\/comments?post=8137"}],"version-history":[{"count":10,"href":"http:\/\/nau2.com\/de\/wp-json\/wp\/v2\/pages\/8137\/revisions"}],"predecessor-version":[{"id":9935,"href":"http:\/\/nau2.com\/de\/wp-json\/wp\/v2\/pages\/8137\/revisions\/9935"}],"wp:attachment":[{"href":"http:\/\/nau2.com\/de\/wp-json\/wp\/v2\/media?parent=8137"}],"curies":[{"name":"wp","href":"https:\/\/api.w.org\/{rel}","templated":true}]}}