{"id":8327,"date":"2016-06-17T16:17:58","date_gmt":"2016-06-17T15:17:58","guid":{"rendered":"http:\/\/nau2.com\/de\/who_am_i\/"},"modified":"2017-02-15T17:32:34","modified_gmt":"2017-02-15T16:32:34","slug":"wer-bin-ich","status":"publish","type":"page","link":"http:\/\/nau2.com\/de\/wer-bin-ich\/","title":{"rendered":"WER BIN ICH?"},"content":{"rendered":"<p>[vc_row css=&#8221;.vc_custom_1467300331386{margin-top: 0px !important;padding-top: 0px !important;}&#8221;][vc_column width=&#8221;2\/3&#8243;][vc_single_image image=&#8221;7120&#8243; img_size=&#8221;full&#8221; css=&#8221;.vc_custom_1476283470769{margin-bottom: 5px !important;}&#8221;][vc_single_image image=&#8221;7100&#8243; img_size=&#8221;full&#8221; css=&#8221;.vc_custom_1476283479955{margin-top: 0px !important;margin-bottom: 5px !important;}&#8221;][vc_single_image image=&#8221;11252&#8243; img_size=&#8221;full&#8221; css=&#8221;.vc_custom_1487175251959{margin-top: 0px !important;margin-bottom: 5px !important;}&#8221;][vc_single_image image=&#8221;11246&#8243; img_size=&#8221;full&#8221; css=&#8221;.vc_custom_1487175277760{margin-top: 0px !important;margin-bottom: 5px !important;}&#8221;][vc_single_image image=&#8221;10142&#8243; img_size=&#8221;full&#8221; css=&#8221;.vc_custom_1479377699040{margin-top: 0px !important;margin-bottom: 5px !important;}&#8221;][vc_single_image image=&#8221;7116&#8243; img_size=&#8221;full&#8221; css=&#8221;.vc_custom_1476283510455{margin-top: 0px !important;margin-bottom: 5px !important;}&#8221;][vc_single_image image=&#8221;7118&#8243; img_size=&#8221;full&#8221; css=&#8221;.vc_custom_1476283525174{margin-top: 0px !important;margin-bottom: 5px !important;}&#8221;][vc_single_image image=&#8221;7114&#8243; img_size=&#8221;full&#8221; css=&#8221;.vc_custom_1476283540477{margin-top: 0px !important;margin-bottom: 5px !important;}&#8221;][vc_single_image image=&#8221;7112&#8243; img_size=&#8221;full&#8221; css=&#8221;.vc_custom_1476283548431{margin-top: 0px !important;margin-bottom: 5px !important;}&#8221;][vc_single_image image=&#8221;11030&#8243; img_size=&#8221;full&#8221; css=&#8221;.vc_custom_1484642758668{margin-top: 0px !important;margin-bottom: 5px !important;}&#8221;][vc_single_image image=&#8221;7110&#8243; img_size=&#8221;full&#8221; css=&#8221;.vc_custom_1476283555195{margin-top: 0px !important;margin-bottom: 5px !important;}&#8221;][vc_single_image image=&#8221;11248&#8243; img_size=&#8221;full&#8221; css=&#8221;.vc_custom_1487175348690{margin-top: 0px !important;margin-bottom: 5px !important;}&#8221;][vc_column_text css=&#8221;.vc_custom_1476283462562{margin-top: 0px !important;padding-right: 10px !important;}&#8221;]<iframe src=\"https:\/\/player.vimeo.com\/video\/173330815?color=ffffff&amp;title=0&amp;byline=0&amp;portrait=0\" width=\"768\" height=\"415\" frameborder=\"0\" allowfullscreen=\"allowfullscreen\"><\/iframe>[\/vc_column_text][\/vc_column][vc_column width=&#8221;1\/3&#8243;][vc_column_text css=&#8221;.vc_custom_1478004506789{padding-top: 35px !important;padding-right: 25px !important;padding-bottom: 30px !important;padding-left: 25px !important;background-color: #ffffff !important;}&#8221;]<span style=\"font-family: flama-light; font-size: 19pt;\">WER BIN ICH?<br \/>\n<\/span><\/p>\n<p><span style=\"font-size: 12pt;\"><strong><span style=\"font-family: flama-light;\">Was kann ich wissen, was soll ich tun, was darf ich hoffen?<br \/>\nWechselausstellung zum Thema Identit\u00e4t<\/span><\/strong><\/span><\/p>\n<p><span style=\"font-family: flama-light; font-size: 12pt;\"><strong>Auftraggeber:<\/strong> V\u00f6gele Kultur Zentrum<br \/>\n<strong>Standort:<\/strong> Pf\u00e4ffikon SZ, Schweiz<br \/>\n<strong>Zeitraum:<\/strong> 2015-2016<\/span><\/p>\n<p><span style=\"font-family: flama-light; font-size: 12pt;\">Die Ausstellung ist als Entdeckungsreise durch die verschiedenen Facetten der Identit\u00e4t konzipiert. Sie ist als eine Art lebensgrosses Brettspiel entworfen. In einer labyrinth\u00e4hnlichen Raumfolge muss sich der Besucher seine eigene Route suchen. Er folgt einer gestrichelten Linie durch die verschiedenen r\u00e4umlichen Abschnitte. Bei jeder Weggabelung muss er sich entscheiden, manche Wege sind Abk\u00fcrzungen, andere enden in Sackgassen. Am Ende f\u00fchren die verschiedenen Wege durch eine Art Spiegelwald und m\u00fcnden in einer meditativen Installation die zum Nachdenken anregt. Bin ich, wer ich sein m\u00f6chte? Gl\u00fcckskekse aus drei verschiedenen Beh\u00e4ltern geben drei verschiedene Antworten.<\/span><\/p>\n<p><span style=\"font-family: flama-light; font-size: 12pt;\">Die Spiel\u00e4sthetik hat die Gestaltung des Weges, der Grafik und der farbigen W\u00e4nde beeinflusst. Die Szenografie wirkt farbenfroh und erz\u00e4hlerisch. Verspieltheit und Interaktion haben hier eine wichtige Rolle. Am Empfang erh\u00e4lt jeder Besucher einen Pass der ihn durch die gesamte Ausstellung begleitet. Bei jeder Station kann er diesen ausf\u00fcllen und abstempeln. Durch Farbe, Wegf\u00fchrung, Licht und Grafik entstehen einzelne Bereiche, die als Rahmen f\u00fcr eine inhaltliche Auseinandersetzung funktionieren. Auf sinnlicher Ebene regen wir den Besucher an, sich peu \u00e0 peu in das komplexe Thema Identit\u00e4t zu vertiefen.<\/span><\/p>\n<p><span style=\"font-size: 12pt;\"><strong><span style=\"font-family: flama-light;\">Projektpartner:<\/span><\/strong><\/span><br \/>\n<span style=\"font-family: flama-light; font-size: 12pt;\">&#8211; V\u00f6gele Kultur Zentrum, Pf\u00e4ffikon SZ<br \/>\n&#8211; Passaport AG, Kuration, Z\u00fcrich<br \/>\n&#8211; Cin Cin, Grafik, Z\u00fcrich<\/span><\/p>\n<p><span style=\"font-family: flama-light; font-size: 12pt;\"><strong>Fotos:<\/strong> \u00a9 Katharina Wernli<\/span>[\/vc_column_text][\/vc_column][\/vc_row]<\/p>\n","protected":false},"excerpt":{"rendered":"<p>[vc_row css=&#8221;.vc_custom_1467300331386{margin-top: 0px !important;padding-top: 0px !important;}&#8221;][vc_column width=&#8221;2\/3&#8243;][vc_single_image image=&#8221;7120&#8243; img_size=&#8221;full&#8221; css=&#8221;.vc_custom_1476283470769{margin-bottom: 5px !important;}&#8221;][vc_single_image image=&#8221;7100&#8243; img_size=&#8221;full&#8221; css=&#8221;.vc_custom_1476283479955{margin-top: 0px !important;margin-bottom: 5px !important;}&#8221;][vc_single_image image=&#8221;11252&#8243; img_size=&#8221;full&#8221; css=&#8221;.vc_custom_1487175251959{margin-top: 0px !important;margin-bottom: 5px !important;}&#8221;][vc_single_image image=&#8221;11246&#8243; img_size=&#8221;full&#8221; css=&#8221;.vc_custom_1487175277760{margin-top: 0px !important;margin-bottom: 5px !important;}&#8221;][vc_single_image image=&#8221;10142&#8243; img_size=&#8221;full&#8221; css=&#8221;.vc_custom_1479377699040{margin-top: 0px !important;margin-bottom: 5px !important;}&#8221;][vc_single_image image=&#8221;7116&#8243; img_size=&#8221;full&#8221; css=&#8221;.vc_custom_1476283510455{margin-top: 0px !important;margin-bottom: 5px !important;}&#8221;][vc_single_image image=&#8221;7118&#8243; img_size=&#8221;full&#8221; css=&#8221;.vc_custom_1476283525174{margin-top: 0px !important;margin-bottom: 5px !important;}&#8221;][vc_single_image image=&#8221;7114&#8243; img_size=&#8221;full&#8221; css=&#8221;.vc_custom_1476283540477{margin-top: 0px !important;margin-bottom: 5px !important;}&#8221;][vc_single_image image=&#8221;7112&#8243; img_size=&#8221;full&#8221; css=&#8221;.vc_custom_1476283548431{margin-top: 0px !important;margin-bottom: 5px !important;}&#8221;][vc_single_image image=&#8221;11030&#8243; img_size=&#8221;full&#8221; css=&#8221;.vc_custom_1484642758668{margin-top: 0px !important;margin-bottom: 5px !important;}&#8221;][vc_single_image image=&#8221;7110&#8243; img_size=&#8221;full&#8221; css=&#8221;.vc_custom_1476283555195{margin-top: 0px !important;margin-bottom: 5px !important;}&#8221;][vc_single_image image=&#8221;11248&#8243; img_size=&#8221;full&#8221; css=&#8221;.vc_custom_1487175348690{margin-top: 0px !important;margin-bottom: 5px !important;}&#8221;][vc_column_text css=&#8221;.vc_custom_1476283462562{margin-top: 0px !important;padding-right: 10px !important;}&#8221;][\/vc_column_text][\/vc_column][vc_column width=&#8221;1\/3&#8243;][vc_column_text css=&#8221;.vc_custom_1478004506789{padding-top: 35px !important;padding-right: 25px !important;padding-bottom: 30px !important;padding-left: 25px !important;background-color: #ffffff !important;}&#8221;]WER BIN ICH? Was kann &hellip; <a href=\"http:\/\/nau2.com\/de\/wer-bin-ich\/\">Continued<\/a><\/p>\n","protected":false},"author":1,"featured_media":0,"parent":0,"menu_order":0,"comment_status":"closed","ping_status":"closed","template":"","meta":{"_links_to":"","_links_to_target":""},"yoast_head":"<!-- This site is optimized with the Yoast SEO plugin v15.1.1 - https:\/\/yoast.com\/wordpress\/plugins\/seo\/ -->\n<meta name=\"description\" content=\"WER BIN ICH? - Nau2 | AUSSTELLUNGEN. Was kann ich wissen, was soll ich tun, was darf ich hoffen? Wechselausstellung zum Thema Identit\u00e4t. Auftraggeber: V\u00f6gele Kultur Zentrum. Standort: Pf\u00e4ffikon SZ, Schweiz. Zeitraum: 2015-2016. Die Ausstellung ist als Entdeckungsreise durch die verschiedenen Facetten der Identit\u00e4t konzipiert. Sie ist als eine Art lebensgrosses Brettspiel entworfen.\" \/>\n<meta name=\"robots\" content=\"index, follow, max-snippet:-1, max-image-preview:large, max-video-preview:-1\" \/>\n<link rel=\"canonical\" href=\"http:\/\/nau2.com\/de\/wer-bin-ich\/\" \/>\n<meta property=\"og:locale\" content=\"de_DE\" \/>\n<meta property=\"og:type\" content=\"article\" \/>\n<meta property=\"og:title\" content=\"WER BIN ICH? - Nau2\" \/>\n<meta property=\"og:description\" content=\"WER BIN ICH? - Nau2 | AUSSTELLUNGEN. Was kann ich wissen, was soll ich tun, was darf ich hoffen? Wechselausstellung zum Thema Identit\u00e4t. Auftraggeber: V\u00f6gele Kultur Zentrum. Standort: Pf\u00e4ffikon SZ, Schweiz. Zeitraum: 2015-2016. Die Ausstellung ist als Entdeckungsreise durch die verschiedenen Facetten der Identit\u00e4t konzipiert. Sie ist als eine Art lebensgrosses Brettspiel entworfen.\" \/>\n<meta property=\"og:url\" content=\"http:\/\/nau2.com\/de\/wer-bin-ich\/\" \/>\n<meta property=\"og:site_name\" content=\"Nau2\" \/>\n<meta property=\"article:modified_time\" content=\"2017-02-15T16:32:34+00:00\" \/>\n<meta name=\"twitter:card\" content=\"summary\" \/>\n<script type=\"application\/ld+json\" class=\"yoast-schema-graph\">{\"@context\":\"https:\/\/schema.org\",\"@graph\":[{\"@type\":\"WebSite\",\"@id\":\"http:\/\/nau2.com\/de\/#website\",\"url\":\"http:\/\/nau2.com\/de\/\",\"name\":\"Nau2\",\"description\":\"\",\"potentialAction\":[{\"@type\":\"SearchAction\",\"target\":\"http:\/\/nau2.com\/de\/?s={search_term_string}\",\"query-input\":\"required name=search_term_string\"}],\"inLanguage\":\"de\"},{\"@type\":\"WebPage\",\"@id\":\"http:\/\/nau2.com\/de\/wer-bin-ich\/#webpage\",\"url\":\"http:\/\/nau2.com\/de\/wer-bin-ich\/\",\"name\":\"WER BIN ICH? - Nau2\",\"isPartOf\":{\"@id\":\"http:\/\/nau2.com\/de\/#website\"},\"datePublished\":\"2016-06-17T15:17:58+00:00\",\"dateModified\":\"2017-02-15T16:32:34+00:00\",\"description\":\"WER BIN ICH? - Nau2 | AUSSTELLUNGEN. Was kann ich wissen, was soll ich tun, was darf ich hoffen? Wechselausstellung zum Thema Identit\\u00e4t. Auftraggeber: V\\u00f6gele Kultur Zentrum. Standort: Pf\\u00e4ffikon SZ, Schweiz. Zeitraum: 2015-2016. Die Ausstellung ist als Entdeckungsreise durch die verschiedenen Facetten der Identit\\u00e4t konzipiert. Sie ist als eine Art lebensgrosses Brettspiel entworfen.\",\"inLanguage\":\"de\",\"potentialAction\":[{\"@type\":\"ReadAction\",\"target\":[\"http:\/\/nau2.com\/de\/wer-bin-ich\/\"]}]}]}<\/script>\n<!-- \/ Yoast SEO plugin. -->","_links":{"self":[{"href":"http:\/\/nau2.com\/de\/wp-json\/wp\/v2\/pages\/8327"}],"collection":[{"href":"http:\/\/nau2.com\/de\/wp-json\/wp\/v2\/pages"}],"about":[{"href":"http:\/\/nau2.com\/de\/wp-json\/wp\/v2\/types\/page"}],"author":[{"embeddable":true,"href":"http:\/\/nau2.com\/de\/wp-json\/wp\/v2\/users\/1"}],"replies":[{"embeddable":true,"href":"http:\/\/nau2.com\/de\/wp-json\/wp\/v2\/comments?post=8327"}],"version-history":[{"count":12,"href":"http:\/\/nau2.com\/de\/wp-json\/wp\/v2\/pages\/8327\/revisions"}],"predecessor-version":[{"id":11545,"href":"http:\/\/nau2.com\/de\/wp-json\/wp\/v2\/pages\/8327\/revisions\/11545"}],"wp:attachment":[{"href":"http:\/\/nau2.com\/de\/wp-json\/wp\/v2\/media?parent=8327"}],"curies":[{"name":"wp","href":"https:\/\/api.w.org\/{rel}","templated":true}]}}