{"id":8531,"date":"2016-02-01T09:03:56","date_gmt":"2016-02-01T08:03:56","guid":{"rendered":"http:\/\/nau2.com\/de\/integrated-digital-tools-ii-ss-15\/"},"modified":"2017-02-09T18:28:38","modified_gmt":"2017-02-09T17:28:38","slug":"integrated-digital-tools-ii-ss-15","status":"publish","type":"page","link":"http:\/\/nau2.com\/de\/integrated-digital-tools-ii-ss-15\/","title":{"rendered":"Integrated Digital Tools II_SS 15"},"content":{"rendered":"<p>[vc_row css=&#8221;.vc_custom_1461925530471{margin-top: 0px !important;padding-top: 0px !important;}&#8221;][vc_column width=&#8221;2\/3&#8243;][vc_single_image image=&#8221;11156&#8243; img_size=&#8221;full&#8221; css=&#8221;.vc_custom_1486660645002{margin-top: 0px !important;margin-bottom: 5px !important;}&#8221;][vc_column_text css=&#8221;.vc_custom_1476265549912{margin-top: 0px !important;margin-bottom: 5px !important;padding-right: 10px !important;}&#8221;]<iframe src=\"https:\/\/player.vimeo.com\/video\/169997382?color=ffffff&amp;title=0&amp;byline=0&amp;portrait=0\" width=\"640\" height=\"360\" frameborder=\"0\" allowfullscreen=\"allowfullscreen\"><\/iframe>[\/vc_column_text][vc_single_image image=&#8221;11149&#8243; img_size=&#8221;full&#8221; css=&#8221;.vc_custom_1486660012713{margin-top: 0px !important;margin-bottom: 5px !important;}&#8221;][vc_single_image image=&#8221;6285&#8243; img_size=&#8221;full&#8221; css=&#8221;.vc_custom_1476265534312{margin-bottom: 5px !important;}&#8221;][vc_column_text css=&#8221;.vc_custom_1476265595203{margin-top: 0px !important;margin-bottom: 5px !important;padding-right: 10px !important;}&#8221;]<iframe src=\"https:\/\/player.vimeo.com\/video\/170000167?color=ffffff&amp;title=0&amp;byline=0&amp;portrait=0\" width=\"640\" height=\"270\" frameborder=\"0\" allowfullscreen=\"allowfullscreen\"><\/iframe>[\/vc_column_text][vc_single_image image=&#8221;6277&#8243; img_size=&#8221;full&#8221; css=&#8221;.vc_custom_1476265613787{margin-top: 0px !important;margin-bottom: 5px !important;}&#8221;][vc_single_image image=&#8221;6281&#8243; img_size=&#8221;full&#8221; css=&#8221;.vc_custom_1476265622433{margin-top: 0px !important;margin-bottom: 5px !important;}&#8221;][vc_single_image image=&#8221;6264&#8243; img_size=&#8221;full&#8221; css=&#8221;.vc_custom_1476265630504{margin-top: 0px !important;margin-bottom: 5px !important;}&#8221;][vc_single_image image=&#8221;6279&#8243; img_size=&#8221;full&#8221; css=&#8221;.vc_custom_1476265647242{margin-top: 0px !important;margin-bottom: 5px !important;}&#8221;][vc_single_image image=&#8221;11151&#8243; img_size=&#8221;full&#8221; css=&#8221;.vc_custom_1486660047988{margin-top: 0px !important;margin-bottom: 5px !important;}&#8221;][vc_column_text css=&#8221;.vc_custom_1476265675369{margin-top: 0px !important;margin-bottom: 5px !important;padding-right: 10px !important;}&#8221;]<iframe src=\"https:\/\/player.vimeo.com\/video\/170001296?color=ffffff&amp;title=0&amp;byline=0&amp;portrait=0\" width=\"640\" height=\"360\" frameborder=\"0\" allowfullscreen=\"allowfullscreen\"><\/iframe>[\/vc_column_text][vc_single_image image=&#8221;6272&#8243; img_size=&#8221;full&#8221; css=&#8221;.vc_custom_1476265717881{margin-top: 0px !important;}&#8221;][\/vc_column][vc_column width=&#8221;1\/3&#8243;][vc_column_text css=&#8221;.vc_custom_1486661298489{padding-top: 35px !important;padding-right: 25px !important;padding-bottom: 30px !important;padding-left: 25px !important;background-color: #ffffff !important;}&#8221;]<\/p>\n<h3><span style=\"font-size: 19pt; font-family: flama-light;\">Integrated Digital Tools II_FS 15<\/span><\/h3>\n<p><span style=\"font-size: 12pt;\"><strong><span style=\"font-family: flama-light;\">FS 15 \u2013 \u2018Licht &amp; Schatten\u2019 \u2013 Ein Prototyp f\u00fcr einen tempor\u00e4ren Pavillion<\/span><\/strong><\/span><\/p>\n<p><span style=\"font-size: 12pt; font-family: flama-light;\"><strong>Dozen<\/strong>t: Jean-Lucien Gay &amp; Silvan Oesterle<\/span><br \/>\n<span style=\"font-size: 12pt; font-family: flama-light;\"><strong>Universit\u00e4t:<\/strong> Accademia di Architettura di Mendrisio<\/span><br \/>\n<span style=\"font-size: 12pt; font-family: flama-light;\"><strong>Zeitraum:<\/strong> Fr\u00fchling Semester 2015<\/span><\/p>\n<p><span style=\"font-size: 12pt; font-family: flama-light;\">Die Masterklasse untersucht das architektonische Potential von fortgeschrittenen computergest\u00fctzten Techniken im Entwurfsprozess und verschafft gleichzeitig ein Einblick in verwandte Anwendungsbereiche, von der Architektur bis in der Kunst, der visueller Kommunikation und dem M\u00f6beldesign. Der Kurs ist auf einem iterativen Prozess zwischen analogem Experimentieren und computergest\u00fctzten Entwurf aufgebaut. Er ben\u00fctzt den Software Rhino mit Grasshopper \u2013 ein Plug-in f\u00fcr visuelle Programmierung.<\/span><\/p>\n<p><span style=\"font-size: 12pt; font-family: flama-light;\">Computergest\u00fctzte Techniken werden zuerst durch das physische Modellierungsprozess eingef\u00fchrt. Die Studenten erarbeiten eine Reihe von kurzen Entwurfs\u00fcbungen vom Modell zum Computer und umgekehrt. Aus diesen \u00dcbungen wird ihnen die Programmierungslogik nahgelegt, so dass sie schlie\u00dflich ihre eigenen computergest\u00fctzten Entwurfswerkzeuge entwickeln. Der Kurs integriert anschlie\u00dfend spezifisches Wissen \u00fcber digitale Fabrikation in der Entwurfsstrategie ein. Eine neue Konvergenz zwischen Computer und Materialit\u00e4t wird gef\u00f6rdert, die das Designprozess und die physische Umsetzung der Architektur n\u00e4her zusammenbringt.<\/span><\/p>\n<p><span style=\"font-size: 12pt; font-family: flama-light;\">Die Masterklasse beinhaltet eine theoretische Vorlesungsreihe, die Einblicke in der Avant-Garde von computergest\u00fctzter Architektur sowie innovativer Verwendung von Computertechnologien in zeitgen\u00f6ssische Designpraxis, von Raumplanung- zu digitale Fabrikationsprozessen verschafft.<\/span><\/p>\n<p><span style=\"font-size: 12pt; font-family: flama-light;\"><strong>Studenten:<\/strong><\/span><br \/>\n<span style=\"font-size: 12pt; font-family: flama-light;\">Pedro Amaro*<br \/>\nAlberto Caddeo*<br \/>\nAntoine Contour<br \/>\nDavide Contran*<br \/>\nPaloma De la Quintana*<br \/>\nDavid Eagelton*<br \/>\nSara Giorgi*<br \/>\nValentina Luivini*<br \/>\nVeronica Mendez*<br \/>\nElia Rossi*<br \/>\nFrancesca Soppelsa*<br \/>\nAlessandro Zanella<br \/>\nYuan Zhimin*<br \/>\nLi Ziyuan*<\/span><\/p>\n<p><span style=\"font-size: 12pt; font-family: flama-light;\">*ausgew\u00e4hlte Studentenarbeiten<\/span><\/p>\n<p><span style=\"font-size: 12pt; font-family: flama-light;\"><strong>Fotos:<\/strong> \u00a9 Jean-Lucien Gay<\/span>[\/vc_column_text][\/vc_column][\/vc_row]<\/p>\n","protected":false},"excerpt":{"rendered":"<p>[vc_row css=&#8221;.vc_custom_1461925530471{margin-top: 0px !important;padding-top: 0px !important;}&#8221;][vc_column width=&#8221;2\/3&#8243;][vc_single_image image=&#8221;11156&#8243; img_size=&#8221;full&#8221; css=&#8221;.vc_custom_1486660645002{margin-top: 0px !important;margin-bottom: 5px !important;}&#8221;][vc_column_text css=&#8221;.vc_custom_1476265549912{margin-top: 0px !important;margin-bottom: 5px !important;padding-right: 10px !important;}&#8221;][\/vc_column_text][vc_single_image image=&#8221;11149&#8243; img_size=&#8221;full&#8221; css=&#8221;.vc_custom_1486660012713{margin-top: 0px !important;margin-bottom: 5px !important;}&#8221;][vc_single_image image=&#8221;6285&#8243; img_size=&#8221;full&#8221; css=&#8221;.vc_custom_1476265534312{margin-bottom: 5px !important;}&#8221;][vc_column_text css=&#8221;.vc_custom_1476265595203{margin-top: 0px !important;margin-bottom: 5px !important;padding-right: 10px !important;}&#8221;][\/vc_column_text][vc_single_image image=&#8221;6277&#8243; img_size=&#8221;full&#8221; css=&#8221;.vc_custom_1476265613787{margin-top: 0px !important;margin-bottom: 5px !important;}&#8221;][vc_single_image image=&#8221;6281&#8243; img_size=&#8221;full&#8221; css=&#8221;.vc_custom_1476265622433{margin-top: 0px !important;margin-bottom: 5px !important;}&#8221;][vc_single_image image=&#8221;6264&#8243; img_size=&#8221;full&#8221; css=&#8221;.vc_custom_1476265630504{margin-top: 0px !important;margin-bottom: 5px !important;}&#8221;][vc_single_image image=&#8221;6279&#8243; img_size=&#8221;full&#8221; css=&#8221;.vc_custom_1476265647242{margin-top: 0px !important;margin-bottom: 5px !important;}&#8221;][vc_single_image image=&#8221;11151&#8243; img_size=&#8221;full&#8221; css=&#8221;.vc_custom_1486660047988{margin-top: 0px !important;margin-bottom: 5px !important;}&#8221;][vc_column_text css=&#8221;.vc_custom_1476265675369{margin-top: 0px !important;margin-bottom: 5px !important;padding-right: 10px !important;}&#8221;][\/vc_column_text][vc_single_image image=&#8221;6272&#8243; img_size=&#8221;full&#8221; css=&#8221;.vc_custom_1476265717881{margin-top: 0px !important;}&#8221;][\/vc_column][vc_column width=&#8221;1\/3&#8243;][vc_column_text css=&#8221;.vc_custom_1486661298489{padding-top: 35px !important;padding-right: 25px !important;padding-bottom: 30px !important;padding-left: 25px !important;background-color: #ffffff !important;}&#8221;] Integrated Digital Tools II_FS 15 FS 15 \u2013 \u2018Licht &amp; Schatten\u2019 &hellip; <a href=\"http:\/\/nau2.com\/de\/integrated-digital-tools-ii-ss-15\/\">Continued<\/a><\/p>\n","protected":false},"author":1,"featured_media":0,"parent":0,"menu_order":0,"comment_status":"closed","ping_status":"closed","template":"","meta":{"_links_to":"","_links_to_target":""},"yoast_head":"<!-- This site is optimized with the Yoast SEO plugin v15.1.1 - https:\/\/yoast.com\/wordpress\/plugins\/seo\/ -->\n<meta name=\"description\" content=\"Integrated Digital Tools II_SS 15 - Nau2 | LEHRE &amp; FORSCHUNG. Dozent: Jean-Lucien Gay &amp; Silvan Oesterle. Universit\u00e4t: Accademia di Architettura di Mendrisio. Zeitraum: Fr\u00fchling Semester 2015. Die Masterklasse untersucht das architektonische Potential von fortgeschrittenen computergest\u00fctzten Techniken im Entwurfsprozess und verschafft gleichzeitig ein Einblick in verwandte Anwendungsbereiche, von der Architektur bis in der Kunst, der visueller Kommunikation und dem M\u00f6beldesign.\" \/>\n<meta name=\"robots\" content=\"index, follow, max-snippet:-1, max-image-preview:large, max-video-preview:-1\" \/>\n<link rel=\"canonical\" href=\"http:\/\/nau2.com\/de\/integrated-digital-tools-ii-ss-15\/\" \/>\n<meta property=\"og:locale\" content=\"de_DE\" \/>\n<meta property=\"og:type\" content=\"article\" \/>\n<meta property=\"og:title\" content=\"Integrated Digital Tools II_SS 15 - Nau2\" \/>\n<meta property=\"og:description\" content=\"Integrated Digital Tools II_SS 15 - Nau2 | LEHRE &amp; FORSCHUNG. Dozent: Jean-Lucien Gay &amp; Silvan Oesterle. Universit\u00e4t: Accademia di Architettura di Mendrisio. Zeitraum: Fr\u00fchling Semester 2015. Die Masterklasse untersucht das architektonische Potential von fortgeschrittenen computergest\u00fctzten Techniken im Entwurfsprozess und verschafft gleichzeitig ein Einblick in verwandte Anwendungsbereiche, von der Architektur bis in der Kunst, der visueller Kommunikation und dem M\u00f6beldesign.\" \/>\n<meta property=\"og:url\" content=\"http:\/\/nau2.com\/de\/integrated-digital-tools-ii-ss-15\/\" \/>\n<meta property=\"og:site_name\" content=\"Nau2\" \/>\n<meta property=\"article:modified_time\" content=\"2017-02-09T17:28:38+00:00\" \/>\n<meta name=\"twitter:card\" content=\"summary\" \/>\n<script type=\"application\/ld+json\" class=\"yoast-schema-graph\">{\"@context\":\"https:\/\/schema.org\",\"@graph\":[{\"@type\":\"WebSite\",\"@id\":\"http:\/\/nau2.com\/de\/#website\",\"url\":\"http:\/\/nau2.com\/de\/\",\"name\":\"Nau2\",\"description\":\"\",\"potentialAction\":[{\"@type\":\"SearchAction\",\"target\":\"http:\/\/nau2.com\/de\/?s={search_term_string}\",\"query-input\":\"required name=search_term_string\"}],\"inLanguage\":\"de\"},{\"@type\":\"WebPage\",\"@id\":\"http:\/\/nau2.com\/de\/integrated-digital-tools-ii-ss-15\/#webpage\",\"url\":\"http:\/\/nau2.com\/de\/integrated-digital-tools-ii-ss-15\/\",\"name\":\"Integrated Digital Tools II_SS 15 - Nau2\",\"isPartOf\":{\"@id\":\"http:\/\/nau2.com\/de\/#website\"},\"datePublished\":\"2016-02-01T08:03:56+00:00\",\"dateModified\":\"2017-02-09T17:28:38+00:00\",\"description\":\"Integrated Digital Tools II_SS 15 - Nau2 | LEHRE & FORSCHUNG. Dozent: Jean-Lucien Gay & Silvan Oesterle. Universit\\u00e4t: Accademia di Architettura di Mendrisio. Zeitraum: Fr\\u00fchling Semester 2015. Die Masterklasse untersucht das architektonische Potential von fortgeschrittenen computergest\\u00fctzten Techniken im Entwurfsprozess und verschafft gleichzeitig ein Einblick in verwandte Anwendungsbereiche, von der Architektur bis in der Kunst, der visueller Kommunikation und dem M\\u00f6beldesign.\",\"inLanguage\":\"de\",\"potentialAction\":[{\"@type\":\"ReadAction\",\"target\":[\"http:\/\/nau2.com\/de\/integrated-digital-tools-ii-ss-15\/\"]}]}]}<\/script>\n<!-- \/ Yoast SEO plugin. -->","_links":{"self":[{"href":"http:\/\/nau2.com\/de\/wp-json\/wp\/v2\/pages\/8531"}],"collection":[{"href":"http:\/\/nau2.com\/de\/wp-json\/wp\/v2\/pages"}],"about":[{"href":"http:\/\/nau2.com\/de\/wp-json\/wp\/v2\/types\/page"}],"author":[{"embeddable":true,"href":"http:\/\/nau2.com\/de\/wp-json\/wp\/v2\/users\/1"}],"replies":[{"embeddable":true,"href":"http:\/\/nau2.com\/de\/wp-json\/wp\/v2\/comments?post=8531"}],"version-history":[{"count":12,"href":"http:\/\/nau2.com\/de\/wp-json\/wp\/v2\/pages\/8531\/revisions"}],"predecessor-version":[{"id":11168,"href":"http:\/\/nau2.com\/de\/wp-json\/wp\/v2\/pages\/8531\/revisions\/11168"}],"wp:attachment":[{"href":"http:\/\/nau2.com\/de\/wp-json\/wp\/v2\/media?parent=8531"}],"curies":[{"name":"wp","href":"https:\/\/api.w.org\/{rel}","templated":true}]}}