{"id":8572,"date":"2016-01-29T10:15:19","date_gmt":"2016-01-29T09:15:19","guid":{"rendered":"http:\/\/nau2.com\/de\/idt1-as14\/"},"modified":"2017-02-10T10:26:12","modified_gmt":"2017-02-10T09:26:12","slug":"idt1-hs14","status":"publish","type":"page","link":"http:\/\/nau2.com\/de\/idt1-hs14\/","title":{"rendered":"Integrated Digital Tools I_HS 14"},"content":{"rendered":"<p>[vc_row css=&#8221;.vc_custom_1461925630199{margin-top: 0px !important;padding-top: 0px !important;}&#8221;][vc_column width=&#8221;2\/3&#8243;][vc_single_image image=&#8221;6515&#8243; img_size=&#8221;full&#8221; css=&#8221;.vc_custom_1476258067647{margin-bottom: 5px !important;}&#8221;][vc_single_image image=&#8221;9960&#8243; img_size=&#8221;full&#8221; css=&#8221;.vc_custom_1478188566548{margin-top: 0px !important;margin-bottom: 5px !important;}&#8221;][vc_column_text css=&#8221;.vc_custom_1476258263699{margin-bottom: 5px !important;padding-right: 10px !important;}&#8221;]<iframe src=\"https:\/\/player.vimeo.com\/video\/169987079?color=ffffff&amp;title=0&amp;byline=0&amp;portrait=0\" width=\"640\" height=\"360\" frameborder=\"0\" allowfullscreen=\"allowfullscreen\"><\/iframe>[\/vc_column_text][vc_single_image image=&#8221;11187&#8243; img_size=&#8221;full&#8221; css=&#8221;.vc_custom_1486718438186{margin-top: 0px !important;margin-bottom: 5px !important;}&#8221;][vc_single_image image=&#8221;6420&#8243; img_size=&#8221;full&#8221; css=&#8221;.vc_custom_1476258164062{margin-top: 0px !important;margin-bottom: 5px !important;}&#8221;][vc_single_image image=&#8221;3969&#8243; img_size=&#8221;full&#8221; css=&#8221;.vc_custom_1476258173196{margin-top: 0px !important;margin-bottom: 5px !important;}&#8221;][vc_single_image image=&#8221;11189&#8243; img_size=&#8221;full&#8221; css=&#8221;.vc_custom_1486718506185{margin-top: 0px !important;margin-bottom: 5px !important;}&#8221;][vc_single_image image=&#8221;3963&#8243; img_size=&#8221;full&#8221; css=&#8221;.vc_custom_1476258192974{margin-top: 0px !important;margin-bottom: 5px !important;}&#8221;][vc_single_image image=&#8221;6414&#8243; img_size=&#8221;full&#8221; css=&#8221;.vc_custom_1476258200778{margin-top: 0px !important;margin-bottom: 5px !important;}&#8221;][vc_single_image image=&#8221;3965&#8243; img_size=&#8221;full&#8221; css=&#8221;.vc_custom_1476258208753{margin-top: 0px !important;margin-bottom: 5px !important;}&#8221;][\/vc_column][vc_column width=&#8221;1\/3&#8243;][vc_column_text css=&#8221;.vc_custom_1486718769381{padding-top: 35px !important;padding-right: 25px !important;padding-bottom: 30px !important;padding-left: 25px !important;background-color: #ffffff !important;}&#8221;]<\/p>\n<h3><span style=\"font-family: flama-light; font-size: 19pt;\">Integrated Digital Tools I_HS 14<\/span><\/h3>\n<p><span style=\"font-size: 12pt;\"><strong><span style=\"font-family: flama-light;\">HS 14 \u2013 Eine Konzertb\u00fchne unter dem Dach der Akademie<\/span><\/strong><\/span><\/p>\n<p><span style=\"font-family: flama-light; font-size: 12pt;\"><strong>Dozent:<\/strong> Jean-Lucien Gay<br \/>\n<strong>Assistent:<\/strong> Francesco Pusterla<br \/>\n<strong>Universit\u00e4t:<\/strong> Accademia di Architettura di Mendrisio<br \/>\n<strong>Zeitraum:<\/strong> Herbst Semester 2014<\/span><\/p>\n<p><span style=\"font-family: flama-light; font-size: 12pt;\">Die Masterklasse pr\u00e4sentiert den Studenten eine Palette von digitalen Werkzeugen und konzeptionellen Techniken, die neu im Architekturberuf am aufgekommen sind. Eine entwurfsorientierte Haltung zu den neuen Tools wird angestrebt, die auf den Br\u00fccken zwischen analogen und digitalen Techniken fokussiert. Der Kurs basiert auf der Software Rhino \u2013 ein weitverbreitetes Programm in der heutigen Architekturwelt, der sich als Plattform f\u00fcr zahlreiche Zusatzprogramme und Programmierung Plug-ins etabliert hat. Auf theoretischer Ebene fokussiert der Kurs auf der Entwicklung von digitalen Technologien in der Avantgarde-Architektur den letzten 20 Jahren und zeigt die Evolution von CAD-Techniken von NURBS-Modellierung bis parametrisches design.<\/span><\/p>\n<p><span style=\"font-family: flama-light; font-size: 12pt;\">Der Iterationsprozess zwischen analogen Techniken und digitales Modellieren, vom Virtuelle zum Physische und zur\u00fcck, bildet den Kern des Kurses. Digitale Produktionstechniken werden jedem Student durch eine Reihe von \u00dcbungen und kurzen Entw\u00fcrfen vertraut gemacht. Die Masterklasse f\u00f6rdert den Studenten auf intuitiver Art, das Computer als kreatives Werkzeug zu ben\u00fctzen. Es soll g\u00e4ngige Entwurfsmethode erg\u00e4nzen und ein Blick auf neue \u00fcberraschende Herangehensweise verschaffen. Der Kurs soll auf professioneller Ebene den Studenten einen technischen Werkzeugsatz liefern, um komplexe Architeklturprojekte in der Praxis zu bew\u00e4ltigen. Der Transfer zwischen computergest\u00fctzte und konventionelle Entwurfsstrategie soll intuitiv und einfach funktionieren, so dass die neuen Tools einfach in der Arbeitsroutine jedes Studenten integriert werden<\/span><\/p>\n<p><span style=\"font-size: 12pt;\"><strong><span style=\"font-family: flama-light;\">Studenten:<\/span><\/strong><\/span><br \/>\n<span style=\"font-size: 12pt; font-family: flama-light;\">Louren\u00e7o Amaro De Oliveira*<br \/>\nNiccol\u00f2 Bonini Baraldi<br \/>\nAntonio Botelho Sardo*<br \/>\nPietro Brugo*<br \/>\nAlberto Caddeo*<br \/>\nClaudio Cortese<br \/>\nEnrico Fantini*<br \/>\nStephan Lando<br \/>\nGiovanni Lazzareschi Sergiusti<br \/>\nMatteo Lunanova<br \/>\nValentina Luvini*<br \/>\nVeronica Mendez Gonzalez<br \/>\nRachael Neville<br \/>\nMasaru Otsuka*<br \/>\nJoseph Redpath<br \/>\nLuciano Ricci<br \/>\nElia Rossi*<br \/>\nAndrea Scognamiglio<br \/>\nLajdi Sulaj<br \/>\nGeng Tian*<br \/>\nJacopo Valentini<br \/>\nLeonardo Vantini*<br \/>\nAlessandro Zanella*<\/span><\/p>\n<p><span style=\"font-size: 12pt; font-family: flama-light;\">*student works shown in the selection<\/span><\/p>\n<p><span style=\"font-size: 12pt; font-family: flama-light;\"><strong>Photographs:<\/strong> \u00a9 Jean-Lucien Gay<\/span>[\/vc_column_text][\/vc_column][\/vc_row]<\/p>\n","protected":false},"excerpt":{"rendered":"<p>[vc_row css=&#8221;.vc_custom_1461925630199{margin-top: 0px !important;padding-top: 0px !important;}&#8221;][vc_column width=&#8221;2\/3&#8243;][vc_single_image image=&#8221;6515&#8243; img_size=&#8221;full&#8221; css=&#8221;.vc_custom_1476258067647{margin-bottom: 5px !important;}&#8221;][vc_single_image image=&#8221;9960&#8243; img_size=&#8221;full&#8221; css=&#8221;.vc_custom_1478188566548{margin-top: 0px !important;margin-bottom: 5px !important;}&#8221;][vc_column_text css=&#8221;.vc_custom_1476258263699{margin-bottom: 5px !important;padding-right: 10px !important;}&#8221;][\/vc_column_text][vc_single_image image=&#8221;11187&#8243; img_size=&#8221;full&#8221; css=&#8221;.vc_custom_1486718438186{margin-top: 0px !important;margin-bottom: 5px !important;}&#8221;][vc_single_image image=&#8221;6420&#8243; img_size=&#8221;full&#8221; css=&#8221;.vc_custom_1476258164062{margin-top: 0px !important;margin-bottom: 5px !important;}&#8221;][vc_single_image image=&#8221;3969&#8243; img_size=&#8221;full&#8221; css=&#8221;.vc_custom_1476258173196{margin-top: 0px !important;margin-bottom: 5px !important;}&#8221;][vc_single_image image=&#8221;11189&#8243; img_size=&#8221;full&#8221; css=&#8221;.vc_custom_1486718506185{margin-top: 0px !important;margin-bottom: 5px !important;}&#8221;][vc_single_image image=&#8221;3963&#8243; img_size=&#8221;full&#8221; css=&#8221;.vc_custom_1476258192974{margin-top: 0px !important;margin-bottom: 5px !important;}&#8221;][vc_single_image image=&#8221;6414&#8243; img_size=&#8221;full&#8221; css=&#8221;.vc_custom_1476258200778{margin-top: 0px !important;margin-bottom: 5px !important;}&#8221;][vc_single_image image=&#8221;3965&#8243; img_size=&#8221;full&#8221; css=&#8221;.vc_custom_1476258208753{margin-top: 0px !important;margin-bottom: 5px !important;}&#8221;][\/vc_column][vc_column width=&#8221;1\/3&#8243;][vc_column_text css=&#8221;.vc_custom_1486718769381{padding-top: 35px !important;padding-right: 25px !important;padding-bottom: 30px !important;padding-left: 25px !important;background-color: #ffffff !important;}&#8221;] Integrated Digital Tools I_HS 14 HS 14 \u2013 Eine Konzertb\u00fchne unter dem Dach der Akademie Dozent: Jean-Lucien Gay Assistent: Francesco Pusterla Universit\u00e4t: Accademia di Architettura &hellip; <a href=\"http:\/\/nau2.com\/de\/idt1-hs14\/\">Continued<\/a><\/p>\n","protected":false},"author":1,"featured_media":3981,"parent":0,"menu_order":0,"comment_status":"closed","ping_status":"closed","template":"","meta":{"_links_to":"","_links_to_target":""},"yoast_head":"<!-- This site is optimized with the Yoast SEO plugin v15.1.1 - https:\/\/yoast.com\/wordpress\/plugins\/seo\/ -->\n<meta name=\"description\" content=\"Integrated Digital Tools I_HS 14- Nau2 | LEHRE &amp; FORSCHUNG. HS 14 \u2013 Eine Konzertb\u00fchne unter dem Dach der Akademie. Dozent: Jean-Lucien Gay. Assistent: Francesco Pusterla. Universit\u00e4t: Accademia di Architettura di Mendrisio. Zeitraum: Herbst Semester 2014. Die Masterklasse pr\u00e4sentiert den Studenten eine Palette von digitalen Werkzeugen und konzeptionellen Techniken, die neu im Architekturberuf am aufgekommen sind. Eine entwurfsorientierte Haltung zu den neuen Tools wird angestrebt, die auf den Br\u00fccken zwischen analogen und digitalen Techniken fokussiert.\" \/>\n<meta name=\"robots\" content=\"index, follow, max-snippet:-1, max-image-preview:large, max-video-preview:-1\" \/>\n<link rel=\"canonical\" href=\"http:\/\/nau2.com\/de\/idt1-hs14\/\" \/>\n<meta property=\"og:locale\" content=\"de_DE\" \/>\n<meta property=\"og:type\" content=\"article\" \/>\n<meta property=\"og:title\" content=\"Integrated Digital Tools I_HS 14 - Nau2\" \/>\n<meta property=\"og:description\" content=\"Integrated Digital Tools I_HS 14- Nau2 | LEHRE &amp; FORSCHUNG. HS 14 \u2013 Eine Konzertb\u00fchne unter dem Dach der Akademie. Dozent: Jean-Lucien Gay. Assistent: Francesco Pusterla. Universit\u00e4t: Accademia di Architettura di Mendrisio. Zeitraum: Herbst Semester 2014. Die Masterklasse pr\u00e4sentiert den Studenten eine Palette von digitalen Werkzeugen und konzeptionellen Techniken, die neu im Architekturberuf am aufgekommen sind. Eine entwurfsorientierte Haltung zu den neuen Tools wird angestrebt, die auf den Br\u00fccken zwischen analogen und digitalen Techniken fokussiert.\" \/>\n<meta property=\"og:url\" content=\"http:\/\/nau2.com\/de\/idt1-hs14\/\" \/>\n<meta property=\"og:site_name\" content=\"Nau2\" \/>\n<meta property=\"article:modified_time\" content=\"2017-02-10T09:26:12+00:00\" \/>\n<meta property=\"og:image\" content=\"http:\/\/nau2.com\/wp-content\/uploads\/2016\/01\/13-1.jpg\" \/>\n\t<meta property=\"og:image:width\" content=\"768\" \/>\n\t<meta property=\"og:image:height\" content=\"513\" \/>\n<meta name=\"twitter:card\" content=\"summary\" \/>\n<script type=\"application\/ld+json\" class=\"yoast-schema-graph\">{\"@context\":\"https:\/\/schema.org\",\"@graph\":[{\"@type\":\"WebSite\",\"@id\":\"http:\/\/nau2.com\/de\/#website\",\"url\":\"http:\/\/nau2.com\/de\/\",\"name\":\"Nau2\",\"description\":\"\",\"potentialAction\":[{\"@type\":\"SearchAction\",\"target\":\"http:\/\/nau2.com\/de\/?s={search_term_string}\",\"query-input\":\"required name=search_term_string\"}],\"inLanguage\":\"de\"},{\"@type\":\"ImageObject\",\"@id\":\"http:\/\/nau2.com\/de\/idt1-hs14\/#primaryimage\",\"inLanguage\":\"de\",\"url\":\"http:\/\/nau2.com\/wp-content\/uploads\/2016\/01\/13-1.jpg\",\"width\":768,\"height\":513},{\"@type\":\"WebPage\",\"@id\":\"http:\/\/nau2.com\/de\/idt1-hs14\/#webpage\",\"url\":\"http:\/\/nau2.com\/de\/idt1-hs14\/\",\"name\":\"Integrated Digital Tools I_HS 14 - Nau2\",\"isPartOf\":{\"@id\":\"http:\/\/nau2.com\/de\/#website\"},\"primaryImageOfPage\":{\"@id\":\"http:\/\/nau2.com\/de\/idt1-hs14\/#primaryimage\"},\"datePublished\":\"2016-01-29T09:15:19+00:00\",\"dateModified\":\"2017-02-10T09:26:12+00:00\",\"description\":\"Integrated Digital Tools I_HS 14- Nau2 | LEHRE & FORSCHUNG. HS 14 \\u2013 Eine Konzertb\\u00fchne unter dem Dach der Akademie. Dozent: Jean-Lucien Gay. Assistent: Francesco Pusterla. Universit\\u00e4t: Accademia di Architettura di Mendrisio. Zeitraum: Herbst Semester 2014. Die Masterklasse pr\\u00e4sentiert den Studenten eine Palette von digitalen Werkzeugen und konzeptionellen Techniken, die neu im Architekturberuf am aufgekommen sind. Eine entwurfsorientierte Haltung zu den neuen Tools wird angestrebt, die auf den Br\\u00fccken zwischen analogen und digitalen Techniken fokussiert.\",\"inLanguage\":\"de\",\"potentialAction\":[{\"@type\":\"ReadAction\",\"target\":[\"http:\/\/nau2.com\/de\/idt1-hs14\/\"]}]}]}<\/script>\n<!-- \/ Yoast SEO plugin. -->","_links":{"self":[{"href":"http:\/\/nau2.com\/de\/wp-json\/wp\/v2\/pages\/8572"}],"collection":[{"href":"http:\/\/nau2.com\/de\/wp-json\/wp\/v2\/pages"}],"about":[{"href":"http:\/\/nau2.com\/de\/wp-json\/wp\/v2\/types\/page"}],"author":[{"embeddable":true,"href":"http:\/\/nau2.com\/de\/wp-json\/wp\/v2\/users\/1"}],"replies":[{"embeddable":true,"href":"http:\/\/nau2.com\/de\/wp-json\/wp\/v2\/comments?post=8572"}],"version-history":[{"count":10,"href":"http:\/\/nau2.com\/de\/wp-json\/wp\/v2\/pages\/8572\/revisions"}],"predecessor-version":[{"id":11198,"href":"http:\/\/nau2.com\/de\/wp-json\/wp\/v2\/pages\/8572\/revisions\/11198"}],"wp:featuredmedia":[{"embeddable":true,"href":"http:\/\/nau2.com\/de\/wp-json\/wp\/v2\/media\/3981"}],"wp:attachment":[{"href":"http:\/\/nau2.com\/de\/wp-json\/wp\/v2\/media?parent=8572"}],"curies":[{"name":"wp","href":"https:\/\/api.w.org\/{rel}","templated":true}]}}